{"id":2355,"date":"2014-06-13T08:45:43","date_gmt":"2016-02-26T08:08:42","guid":{"rendered":"https:\/\/jafep.com\/?post_type=product&#038;p=2355"},"modified":"2023-04-26T09:29:54","modified_gmt":"2023-04-26T09:29:54","slug":"sellacryl-antisalitre","status":"publish","type":"product","link":"https:\/\/jafep.com\/pt-pt\/producto\/sellacryl-antisalitre\/","title":{"rendered":"Sellacryl Antisalitre"},"content":{"rendered":"<p>\u00c9 um prim\u00e1rio muito penetrante \u00e0 base de resinas acr\u00edlicas especiais, muito apropriado para a prepara\u00e7\u00e3o de superf\u00edcies porosas, que por um lado consolida os suportes deteriorados, aumenta a sua impermeabiliza\u00e7\u00e3o e ao mesmo tempo retarda a liberta\u00e7\u00e3o de sais dissolvidos do interior (salitre \/ efloresc\u00eancia). Evita a penetra\u00e7\u00e3o de umidade no interior e elimina a umidade. Serve como selador para paredes, tijolos, tintas, etc. Sendo um produto 100% acr\u00edlico, quando aplicado sobre bet\u00e3o impede a entrada de CO2 e consequentemente o processo de carbonata\u00e7\u00e3o. <\/p>\n","protected":false},"excerpt":{"rendered":"<p>Verniz petrificante \u00e0 base de resinas acr\u00edlicas, para prepara\u00e7\u00e3o de superf\u00edcies porosas <\/p>\n","protected":false},"featured_media":82291,"comment_status":"closed","ping_status":"closed","template":"","meta":{"_acf_changed":false,"_links_to":"","_links_to_target":""},"product_brand":[],"product_cat":[1469,1245,1246,1313,469,1067],"product_tag":[],"class_list":{"0":"post-2355","1":"product","2":"type-product","3":"status-publish","4":"has-post-thumbnail","6":"product_cat-antes-de-pintar-pt","7":"product_cat-antes-de-pintar-interiores-pt-pt","8":"product_cat-before-paint-pt-pt","9":"product_cat-linha-anti-humidade","10":"product_cat-preparacoes-de-agua","11":"product_cat-reparar-fachadas-pt-pt","12":"pa_formatos-4l-pt-pt","13":"pa_formatos-750ml-pt-pt","14":"pa_herramientas-airless-pt-pt","15":"pa_herramientas-brocha-esmalte-barniz-acrilico-microfibra-pt-pt","16":"pa_herramientas-pistola-pt-pt","17":"pa_herramientas-rodillo-pt-pt","18":"pa_iconos-34-rendimiento-de-10-12-m2l-pt-pt","19":"pa_iconos-45-exterior-interior-pt-pt","20":"pa_iconos-base-agua-pt-pt","21":"pa_iconos-nanotec-pt-pt","23":"first","24":"instock","25":"shipping-taxable","26":"product-type-simple"},"acf":[],"_links":{"self":[{"href":"https:\/\/jafep.com\/pt-pt\/wp-json\/wp\/v2\/product\/2355","targetHints":{"allow":["GET"]}}],"collection":[{"href":"https:\/\/jafep.com\/pt-pt\/wp-json\/wp\/v2\/product"}],"about":[{"href":"https:\/\/jafep.com\/pt-pt\/wp-json\/wp\/v2\/types\/product"}],"replies":[{"embeddable":true,"href":"https:\/\/jafep.com\/pt-pt\/wp-json\/wp\/v2\/comments?post=2355"}],"wp:featuredmedia":[{"embeddable":true,"href":"https:\/\/jafep.com\/pt-pt\/wp-json\/wp\/v2\/media\/82291"}],"wp:attachment":[{"href":"https:\/\/jafep.com\/pt-pt\/wp-json\/wp\/v2\/media?parent=2355"}],"wp:term":[{"taxonomy":"product_brand","embeddable":true,"href":"https:\/\/jafep.com\/pt-pt\/wp-json\/wp\/v2\/product_brand?post=2355"},{"taxonomy":"product_cat","embeddable":true,"href":"https:\/\/jafep.com\/pt-pt\/wp-json\/wp\/v2\/product_cat?post=2355"},{"taxonomy":"product_tag","embeddable":true,"href":"https:\/\/jafep.com\/pt-pt\/wp-json\/wp\/v2\/product_tag?post=2355"}],"curies":[{"name":"wp","href":"https:\/\/api.w.org\/{rel}","templated":true}]}}