{"id":2354,"date":"2016-02-02T11:40:16","date_gmt":"2016-02-02T11:40:16","guid":{"rendered":"https:\/\/jafep.com\/?post_type=product&#038;p=2354"},"modified":"2023-05-03T06:58:12","modified_gmt":"2023-05-03T06:58:12","slug":"telacril-fachadas-profesional-2","status":"publish","type":"product","link":"https:\/\/jafep.com\/pt-pt\/producto\/telacril-fachadas-profesional-2\/","title":{"rendered":"Telacril Fachadas Profissional Semimate"},"content":{"rendered":"<p>Revestimento elastom\u00e9rico liso, com acabamento semi-mate, elaborado a partir de resinas acr\u00edlicas especiais com fotorreticula\u00e7\u00e3o que lhe conferem extraordin\u00e1ria elasticidade e flexibilidade, proporcionando total impermeabiliza\u00e7\u00e3o em fachadas. Cont\u00e9m pigmentos que s\u00e3o r\u00e1pidos \u00e0 luz e ao tempo. Este produto cont\u00e9m aditivos conservantes para proteger o filme. <\/p>\n","protected":false},"excerpt":{"rendered":"<p>Impermeabiliza\u00e7\u00e3o Elastom\u00e9rica <\/p>\n","protected":false},"featured_media":82361,"comment_status":"closed","ping_status":"closed","template":"","meta":{"_acf_changed":false,"_links_to":"","_links_to_target":""},"product_brand":[],"product_cat":[1313,1316,1588],"product_tag":[],"class_list":{"0":"post-2354","1":"product","2":"type-product","3":"status-publish","4":"has-post-thumbnail","6":"product_cat-linha-anti-humidade","7":"product_cat-telacril-pt-pt","8":"product_cat-zonas-muito-humidas","9":"pa_formatos-15l-pt-pt","10":"pa_formatos-4l-pt-pt","11":"pa_herramientas-airless-pt-pt","12":"pa_herramientas-brocha-pt-pt","13":"pa_herramientas-pistola-pt-pt","14":"pa_herramientas-rodillo-fachadas-lana-oveja-20mm-pt-pt","15":"pa_herramientas-rodillo-fachadas-poliamida-extra-larga-de-20mm-pt-pt","16":"pa_herramientas-rodillo-fachadas-poliamida-larga-de-19mm-pt-pt","17":"pa_iconos-60-lavabilidad-nivel-1-pt-pt","18":"pa_iconos-base-agua-pt-pt","19":"pa_iconos-conservante-antimoho-sitema-atmh-pt-pt","20":"pa_iconos-elongacion-pt-pt","21":"pa_iconos-exterior-pt-pt","22":"pa_iconos-mate-seda-pt-pt","23":"pa_iconos-rendimiento-2-3-m2-l-pt-pt","25":"first","26":"instock","27":"shipping-taxable","28":"product-type-simple"},"acf":[],"_links":{"self":[{"href":"https:\/\/jafep.com\/pt-pt\/wp-json\/wp\/v2\/product\/2354","targetHints":{"allow":["GET"]}}],"collection":[{"href":"https:\/\/jafep.com\/pt-pt\/wp-json\/wp\/v2\/product"}],"about":[{"href":"https:\/\/jafep.com\/pt-pt\/wp-json\/wp\/v2\/types\/product"}],"replies":[{"embeddable":true,"href":"https:\/\/jafep.com\/pt-pt\/wp-json\/wp\/v2\/comments?post=2354"}],"wp:featuredmedia":[{"embeddable":true,"href":"https:\/\/jafep.com\/pt-pt\/wp-json\/wp\/v2\/media\/82361"}],"wp:attachment":[{"href":"https:\/\/jafep.com\/pt-pt\/wp-json\/wp\/v2\/media?parent=2354"}],"wp:term":[{"taxonomy":"product_brand","embeddable":true,"href":"https:\/\/jafep.com\/pt-pt\/wp-json\/wp\/v2\/product_brand?post=2354"},{"taxonomy":"product_cat","embeddable":true,"href":"https:\/\/jafep.com\/pt-pt\/wp-json\/wp\/v2\/product_cat?post=2354"},{"taxonomy":"product_tag","embeddable":true,"href":"https:\/\/jafep.com\/pt-pt\/wp-json\/wp\/v2\/product_tag?post=2354"}],"curies":[{"name":"wp","href":"https:\/\/api.w.org\/{rel}","templated":true}]}}