{"id":2353,"date":"2016-02-02T11:18:33","date_gmt":"2016-02-02T11:18:33","guid":{"rendered":"https:\/\/jafep.com\/?post_type=product&#038;p=2353"},"modified":"2025-09-19T13:55:47","modified_gmt":"2025-09-19T11:55:47","slug":"telacril-fachadas-3","status":"publish","type":"product","link":"https:\/\/jafep.com\/pt-pt\/producto\/telacril-fachadas-3\/","title":{"rendered":"Telacril Fachadas Mate"},"content":{"rendered":"<p data-start=\"278\" data-end=\"639\">Revestimento elastom\u00e9rico liso com acabamento mate, formulado com resinas acr\u00edlicas especiais com fotorreticula\u00e7\u00e3o, o que proporciona uma pel\u00edcula altamente el\u00e1stica, resistente a baixas temperaturas e especialmente eficaz como antifissuras, al\u00e9m de oferecer uma impermeabiliza\u00e7\u00e3o total das fachadas. Cont\u00e9m pigmentos de grande solidez \u00e0 luz e \u00e0s intemp\u00e9ries e aditivos conservantes que protegem a pel\u00edcula contra condi\u00e7\u00f5es ambientais adversas. <\/p>\n","protected":false},"excerpt":{"rendered":"<p>Impermeabiliza\u00e7\u00e3o elastom\u00e9rica<\/p>\n","protected":false},"featured_media":82356,"comment_status":"closed","ping_status":"closed","template":"","meta":{"_acf_changed":false,"_links_to":"","_links_to_target":""},"product_brand":[],"product_cat":[552,1065,1516,1313,1066,1398,1316,1588],"product_tag":[],"class_list":{"0":"post-2353","1":"product","2":"type-product","3":"status-publish","4":"has-post-thumbnail","6":"product_cat-sistema-tintometrico-multicolor","7":"product_cat-exteriores-pt-pt","8":"product_cat-humidade","9":"product_cat-linha-anti-humidade","10":"product_cat-fachadas-pt-pt","11":"product_cat-sistemas-tintometricos-pt-pt-2","12":"product_cat-telacril-pt-pt","13":"product_cat-zonas-muito-humidas","14":"pa_formatos-15l-pt-pt","15":"pa_formatos-4l-pt-pt","16":"pa_formatos-750ml-pt-pt","17":"pa_herramientas-airless-pt-pt","18":"pa_herramientas-brocha-pt-pt","19":"pa_herramientas-pistola-pt-pt","20":"pa_herramientas-rodillo-fachadas-lana-oveja-20mm-pt-pt","21":"pa_herramientas-rodillo-fachadas-poliamida-extra-larga-de-20mm-pt-pt","22":"pa_herramientas-rodillo-fachadas-poliamida-larga-de-19mm-pt-pt","23":"pa_iconos-51-mate-60o-pt-pt","24":"pa_iconos-60-lavabilidad-nivel-1-pt-pt","25":"pa_iconos-alongamento-300","26":"pa_iconos-base-agua-pt-pt","27":"pa_iconos-conservante-antimoho-sitema-atmh-pt-pt","28":"pa_iconos-exterior-pt-pt","29":"pa_iconos-mate-pt-pt","30":"pa_iconos-rendimiento-2-3-m2-l-pt-pt","32":"first","33":"instock","34":"shipping-taxable","35":"product-type-simple"},"acf":[],"_links":{"self":[{"href":"https:\/\/jafep.com\/pt-pt\/wp-json\/wp\/v2\/product\/2353","targetHints":{"allow":["GET"]}}],"collection":[{"href":"https:\/\/jafep.com\/pt-pt\/wp-json\/wp\/v2\/product"}],"about":[{"href":"https:\/\/jafep.com\/pt-pt\/wp-json\/wp\/v2\/types\/product"}],"replies":[{"embeddable":true,"href":"https:\/\/jafep.com\/pt-pt\/wp-json\/wp\/v2\/comments?post=2353"}],"wp:featuredmedia":[{"embeddable":true,"href":"https:\/\/jafep.com\/pt-pt\/wp-json\/wp\/v2\/media\/82356"}],"wp:attachment":[{"href":"https:\/\/jafep.com\/pt-pt\/wp-json\/wp\/v2\/media?parent=2353"}],"wp:term":[{"taxonomy":"product_brand","embeddable":true,"href":"https:\/\/jafep.com\/pt-pt\/wp-json\/wp\/v2\/product_brand?post=2353"},{"taxonomy":"product_cat","embeddable":true,"href":"https:\/\/jafep.com\/pt-pt\/wp-json\/wp\/v2\/product_cat?post=2353"},{"taxonomy":"product_tag","embeddable":true,"href":"https:\/\/jafep.com\/pt-pt\/wp-json\/wp\/v2\/product_tag?post=2353"}],"curies":[{"name":"wp","href":"https:\/\/api.w.org\/{rel}","templated":true}]}}