{"id":2352,"date":"2016-02-02T11:32:41","date_gmt":"2016-02-02T11:32:41","guid":{"rendered":"https:\/\/jafep.com\/?post_type=product&#038;p=2352"},"modified":"2023-05-02T15:02:37","modified_gmt":"2023-05-02T15:02:37","slug":"telacril-fachadas-2","status":"publish","type":"product","link":"https:\/\/jafep.com\/pt-pt\/producto\/telacril-fachadas-2\/","title":{"rendered":"Telacril Fachadas Texturizado"},"content":{"rendered":"<p>Revestimento impermeabilizante de acabamento mate sedoso que incorpora agregados de m\u00e9dia dimens\u00e3o para proporcionar um acabamento el\u00e1stico, flex\u00edvel a baixas temperaturas, imperme\u00e1vel em superf\u00edcies verticais, e cujo acabamento especial ligeiramente rugoso confere um aspecto mais homog\u00e9neo a fachadas problem\u00e1ticas. <\/p>\n","protected":false},"excerpt":{"rendered":"<p>Impermeabiliza\u00e7\u00e3o Elastom\u00e9rica <\/p>\n","protected":false},"featured_media":82356,"comment_status":"closed","ping_status":"closed","template":"","meta":{"_acf_changed":false,"_links_to":"","_links_to_target":""},"product_brand":[],"product_cat":[1065,1313,1066,1588],"product_tag":[],"class_list":{"0":"post-2352","1":"product","2":"type-product","3":"status-publish","4":"has-post-thumbnail","6":"product_cat-exteriores-pt-pt","7":"product_cat-linha-anti-humidade","8":"product_cat-fachadas-pt-pt","9":"product_cat-zonas-muito-humidas","10":"pa_formatos-15l-pt-pt","11":"pa_herramientas-airless-pt-pt","12":"pa_herramientas-brocha-pt-pt","13":"pa_herramientas-pistola-pt-pt","14":"pa_herramientas-rodillo-fachadas-lana-oveja-20mm-pt-pt","15":"pa_herramientas-rodillo-fachadas-poliamida-extra-larga-de-20mm-pt-pt","16":"pa_herramientas-rodillo-fachadas-poliamida-larga-de-19mm-pt-pt","17":"pa_iconos-60-lavabilidad-nivel-1-pt-pt","18":"pa_iconos-base-agua-pt-pt","19":"pa_iconos-conservante-antimoho-sitema-atmh-pt-pt","20":"pa_iconos-exterior-pt-pt","21":"pa_iconos-rendimiento-2-3-m2-l-pt-pt","23":"first","24":"instock","25":"shipping-taxable","26":"product-type-simple"},"acf":[],"_links":{"self":[{"href":"https:\/\/jafep.com\/pt-pt\/wp-json\/wp\/v2\/product\/2352","targetHints":{"allow":["GET"]}}],"collection":[{"href":"https:\/\/jafep.com\/pt-pt\/wp-json\/wp\/v2\/product"}],"about":[{"href":"https:\/\/jafep.com\/pt-pt\/wp-json\/wp\/v2\/types\/product"}],"replies":[{"embeddable":true,"href":"https:\/\/jafep.com\/pt-pt\/wp-json\/wp\/v2\/comments?post=2352"}],"wp:featuredmedia":[{"embeddable":true,"href":"https:\/\/jafep.com\/pt-pt\/wp-json\/wp\/v2\/media\/82356"}],"wp:attachment":[{"href":"https:\/\/jafep.com\/pt-pt\/wp-json\/wp\/v2\/media?parent=2352"}],"wp:term":[{"taxonomy":"product_brand","embeddable":true,"href":"https:\/\/jafep.com\/pt-pt\/wp-json\/wp\/v2\/product_brand?post=2352"},{"taxonomy":"product_cat","embeddable":true,"href":"https:\/\/jafep.com\/pt-pt\/wp-json\/wp\/v2\/product_cat?post=2352"},{"taxonomy":"product_tag","embeddable":true,"href":"https:\/\/jafep.com\/pt-pt\/wp-json\/wp\/v2\/product_tag?post=2352"}],"curies":[{"name":"wp","href":"https:\/\/api.w.org\/{rel}","templated":true}]}}