{"id":2351,"date":"2016-02-02T11:11:38","date_gmt":"2016-02-26T08:05:15","guid":{"rendered":"https:\/\/jafep.com\/?post_type=product&#038;p=2351"},"modified":"2023-05-10T07:41:20","modified_gmt":"2023-05-10T07:41:20","slug":"telacril-fachadas","status":"publish","type":"product","link":"https:\/\/jafep.com\/pt-pt\/producto\/telacril-fachadas\/","title":{"rendered":"Telacril Fachadas Acetinado"},"content":{"rendered":"<p>Revestimento elastom\u00e9rico liso, com acabamento acetinado, feito de resinas acr\u00edlicas especiais com foto-reticula\u00e7\u00e3o que lhe confere uma extraordin\u00e1ria elasticidade e flexibilidade a temperaturas muito baixas e, portanto, um efeito anti-fissura\u00e7\u00e3o imbat\u00edvel, ao mesmo tempo que proporciona uma impermeabiliza\u00e7\u00e3o total em fachadas. Os pigmentos utilizados na sua composi\u00e7\u00e3o s\u00e3o igualmente leves e resistentes \u00e0 luz e intemp\u00e9ries. Os aditivos conservantes est\u00e3o inclu\u00eddos na sua formula\u00e7\u00e3o para proteger a pel\u00edcula. <\/p>\n","protected":false},"excerpt":{"rendered":"<p>Impermeabiliza\u00e7\u00e3o Elastom\u00e9rica <\/p>\n","protected":false},"featured_media":82351,"comment_status":"closed","ping_status":"closed","template":"","meta":{"_acf_changed":false,"_links_to":"","_links_to_target":""},"product_brand":[],"product_cat":[552,1065,1516,1313,1066,1514,1398,1316,1588],"product_tag":[],"class_list":{"0":"post-2351","1":"product","2":"type-product","3":"status-publish","4":"has-post-thumbnail","6":"product_cat-sistema-tintometrico-multicolor","7":"product_cat-exteriores-pt-pt","8":"product_cat-humidade","9":"product_cat-linha-anti-humidade","10":"product_cat-fachadas-pt-pt","11":"product_cat-reparar-resolver-problemas","12":"product_cat-sistemas-tintometricos-pt-pt-2","13":"product_cat-telacril-pt-pt","14":"product_cat-zonas-muito-humidas","15":"pa_formatos-15l-pt-pt","16":"pa_formatos-4l-pt-pt","17":"pa_herramientas-airless-pt-pt","18":"pa_herramientas-brocha-pt-pt","19":"pa_herramientas-pistola-pt-pt","20":"pa_herramientas-rodillo-fachadas-lana-oveja-20mm-pt-pt","21":"pa_herramientas-rodillo-fachadas-poliamida-extra-larga-de-20mm-pt-pt","22":"pa_herramientas-rodillo-fachadas-poliamida-larga-de-19mm-pt-pt","23":"pa_iconos-51-mate-60o-pt-pt","24":"pa_iconos-60-lavabilidad-nivel-1-pt-pt","25":"pa_iconos-base-agua-pt-pt","26":"pa_iconos-conservante-antimoho-sitema-atmh-pt-pt","27":"pa_iconos-exterior-pt-pt","28":"pa_iconos-rendimiento-2-3-m2-l-pt-pt","29":"pa_iconos-satinado-pt-pt","31":"first","32":"instock","33":"shipping-taxable","34":"product-type-simple"},"acf":[],"_links":{"self":[{"href":"https:\/\/jafep.com\/pt-pt\/wp-json\/wp\/v2\/product\/2351","targetHints":{"allow":["GET"]}}],"collection":[{"href":"https:\/\/jafep.com\/pt-pt\/wp-json\/wp\/v2\/product"}],"about":[{"href":"https:\/\/jafep.com\/pt-pt\/wp-json\/wp\/v2\/types\/product"}],"replies":[{"embeddable":true,"href":"https:\/\/jafep.com\/pt-pt\/wp-json\/wp\/v2\/comments?post=2351"}],"wp:featuredmedia":[{"embeddable":true,"href":"https:\/\/jafep.com\/pt-pt\/wp-json\/wp\/v2\/media\/82351"}],"wp:attachment":[{"href":"https:\/\/jafep.com\/pt-pt\/wp-json\/wp\/v2\/media?parent=2351"}],"wp:term":[{"taxonomy":"product_brand","embeddable":true,"href":"https:\/\/jafep.com\/pt-pt\/wp-json\/wp\/v2\/product_brand?post=2351"},{"taxonomy":"product_cat","embeddable":true,"href":"https:\/\/jafep.com\/pt-pt\/wp-json\/wp\/v2\/product_cat?post=2351"},{"taxonomy":"product_tag","embeddable":true,"href":"https:\/\/jafep.com\/pt-pt\/wp-json\/wp\/v2\/product_tag?post=2351"}],"curies":[{"name":"wp","href":"https:\/\/api.w.org\/{rel}","templated":true}]}}