{"id":2349,"date":"2014-06-13T07:57:17","date_gmt":"2016-02-26T08:01:48","guid":{"rendered":"https:\/\/jafep.com\/?post_type=product&#038;p=2349"},"modified":"2023-04-19T11:58:45","modified_gmt":"2023-04-19T11:58:45","slug":"pintura-antimanchas-tixotropica-tinta-antimanchas","status":"publish","type":"product","link":"https:\/\/jafep.com\/pt-pt\/producto\/pintura-antimanchas-tixotropica-tinta-antimanchas\/","title":{"rendered":"Tinta Anti-manchas Tixotr\u00f3pica"},"content":{"rendered":"<p>Tinta feita de resinas alqu\u00eddicas especiais, que, devido \u00e0 sua natureza tixotr\u00f3pica, penetra pouco e forma uma pel\u00edcula que isola manchas de humidade, ferrugem, fumos, etc. Pode ser repintada com praticamente qualquer tinta de acabamento. <\/p>\n","protected":false},"excerpt":{"rendered":"<p>Tinta anti-manchas diluente. <\/p>\n","protected":false},"featured_media":82276,"comment_status":"closed","ping_status":"closed","template":"","meta":{"_acf_changed":false,"_links_to":"","_links_to_target":""},"product_brand":[],"product_cat":[1310,1313,454,466],"product_tag":[],"class_list":{"0":"post-2349","1":"product","2":"type-product","3":"status-publish","4":"has-post-thumbnail","6":"product_cat-esmaltes-primarios-e-selantes","7":"product_cat-linha-anti-humidade","8":"product_cat-sub-capas","9":"product_cat-tintas-de-base-de-solvente","10":"pa_formatos-15l-pt-pt","11":"pa_formatos-4l-pt-pt","12":"pa_formatos-750ml-pt-pt","13":"pa_herramientas-brocha-pt-pt","14":"pa_herramientas-rodillo-pt-pt","15":"pa_iconos-2-base-solvente-pt-pt","16":"pa_iconos-40-brocha-rodillo-pt-pt","17":"pa_iconos-46-interior-pt-pt","18":"pa_iconos-mate-pt-pt","19":"pa_iconos-rendimiento-14-17-m2-l-pt-pt","21":"first","22":"instock","23":"shipping-taxable","24":"product-type-simple"},"acf":[],"_links":{"self":[{"href":"https:\/\/jafep.com\/pt-pt\/wp-json\/wp\/v2\/product\/2349","targetHints":{"allow":["GET"]}}],"collection":[{"href":"https:\/\/jafep.com\/pt-pt\/wp-json\/wp\/v2\/product"}],"about":[{"href":"https:\/\/jafep.com\/pt-pt\/wp-json\/wp\/v2\/types\/product"}],"replies":[{"embeddable":true,"href":"https:\/\/jafep.com\/pt-pt\/wp-json\/wp\/v2\/comments?post=2349"}],"wp:featuredmedia":[{"embeddable":true,"href":"https:\/\/jafep.com\/pt-pt\/wp-json\/wp\/v2\/media\/82276"}],"wp:attachment":[{"href":"https:\/\/jafep.com\/pt-pt\/wp-json\/wp\/v2\/media?parent=2349"}],"wp:term":[{"taxonomy":"product_brand","embeddable":true,"href":"https:\/\/jafep.com\/pt-pt\/wp-json\/wp\/v2\/product_brand?post=2349"},{"taxonomy":"product_cat","embeddable":true,"href":"https:\/\/jafep.com\/pt-pt\/wp-json\/wp\/v2\/product_cat?post=2349"},{"taxonomy":"product_tag","embeddable":true,"href":"https:\/\/jafep.com\/pt-pt\/wp-json\/wp\/v2\/product_tag?post=2349"}],"curies":[{"name":"wp","href":"https:\/\/api.w.org\/{rel}","templated":true}]}}