{"id":2347,"date":"2014-06-13T07:27:01","date_gmt":"2016-02-26T07:58:36","guid":{"rendered":"https:\/\/jafep.com\/?post_type=product&#038;p=2347"},"modified":"2016-03-11T11:06:54","modified_gmt":"2016-03-11T11:06:54","slug":"mate-extra-dual-con-conservante-conservante-antimoho-conservante-antimofo","status":"publish","type":"product","link":"https:\/\/jafep.com\/pt-pt\/producto\/mate-extra-dual-con-conservante-conservante-antimoho-conservante-antimofo\/","title":{"rendered":"MATE EXTRA DUAL CON CONSERVANTE CONSERVANTE ANTIMOHO (CONSERVANTE ANTIMOFO)"},"content":{"rendered":"<p>Tinta mate de grande brancura e cobertura. Lav\u00e1vel e resistente. Indicada especialmente para interiores, mas tamb\u00e9m com bons resultados para exteriores pela sua not\u00e1vel resist\u00eancia e estabilidade. Oferece uma excelente prote\u00e7\u00e3o fungicida (antimofo) que protege a pel\u00edcula de tinta <\/p>\n","protected":false},"excerpt":{"rendered":"<p>Tinta mate de grande brancura e cobertura. Lav\u00e1vel e resistente. Indicada especialmente para interiores, mas tamb\u00e9m com bons resultados para exteriores pela sua not\u00e1vel resist\u00eancia e estabilidade. Oferece uma excelente prote\u00e7\u00e3o fungicida (antimofo) que protege a pel\u00edcula de tinta<\/p>\n","protected":false},"featured_media":0,"comment_status":"closed","ping_status":"closed","template":"","meta":{"_acf_changed":false,"_links_to":"","_links_to_target":""},"product_brand":[],"product_cat":[503,1024],"product_tag":[],"class_list":{"0":"post-2347","1":"product","2":"type-product","3":"status-publish","5":"product_cat-mates-pt-pt","6":"product_cat-pinturas-plasticas-pt-pt","7":"pa_formatos-15l-pt-pt","8":"pa_formatos-4l-pt-pt","9":"pa_herramientas-airless-pt-pt","10":"pa_herramientas-brocha-pt-pt","11":"pa_herramientas-pistola-pt-pt","12":"pa_herramientas-rodillo-pt-pt","13":"pa_herramientas-rodillo-interior-poliamida-de-11mm-pt","14":"pa_herramientas-rodillo-interior-100-microfibra-de-11mm-pt","15":"pa_iconos-45-exterior-interior-pt-pt","16":"pa_iconos-62-lavabilidad-nivel-3-pt-pt","17":"pa_iconos-base-agua-pt-pt","18":"pa_iconos-conservante-antimoho-sitema-atmh-pt-pt","19":"pa_iconos-rendimiento-7-9-m2l-pt-pt","21":"first","22":"instock","23":"shipping-taxable","24":"product-type-simple"},"acf":[],"_links":{"self":[{"href":"https:\/\/jafep.com\/pt-pt\/wp-json\/wp\/v2\/product\/2347","targetHints":{"allow":["GET"]}}],"collection":[{"href":"https:\/\/jafep.com\/pt-pt\/wp-json\/wp\/v2\/product"}],"about":[{"href":"https:\/\/jafep.com\/pt-pt\/wp-json\/wp\/v2\/types\/product"}],"replies":[{"embeddable":true,"href":"https:\/\/jafep.com\/pt-pt\/wp-json\/wp\/v2\/comments?post=2347"}],"wp:attachment":[{"href":"https:\/\/jafep.com\/pt-pt\/wp-json\/wp\/v2\/media?parent=2347"}],"wp:term":[{"taxonomy":"product_brand","embeddable":true,"href":"https:\/\/jafep.com\/pt-pt\/wp-json\/wp\/v2\/product_brand?post=2347"},{"taxonomy":"product_cat","embeddable":true,"href":"https:\/\/jafep.com\/pt-pt\/wp-json\/wp\/v2\/product_cat?post=2347"},{"taxonomy":"product_tag","embeddable":true,"href":"https:\/\/jafep.com\/pt-pt\/wp-json\/wp\/v2\/product_tag?post=2347"}],"curies":[{"name":"wp","href":"https:\/\/api.w.org\/{rel}","templated":true}]}}