{"id":2346,"date":"2014-06-13T06:58:28","date_gmt":"2014-06-13T06:58:28","guid":{"rendered":"https:\/\/jafep.com\/?post_type=product&#038;p=2346"},"modified":"2023-04-20T08:40:09","modified_gmt":"2023-04-20T08:40:09","slug":"super-86-con-conservante-conservante-antimoho-conservante-antimofo","status":"publish","type":"product","link":"https:\/\/jafep.com\/pt-pt\/producto\/super-86-con-conservante-conservante-antimoho-conservante-antimofo\/","title":{"rendered":"Super 86 Vin\u00edlico com Conservante Anti-fungos"},"content":{"rendered":"<p>Tinta pl\u00e1stica mate de alta qualidade feita com resinas e pigmentos de alta resist\u00eancia e solidez \u00e0 luz. Proporciona acabamentos muito brancos, de cobertura e lav\u00e1vel. Para uso exterior e interior. Com conservante anti-fungos <\/p>\n","protected":false},"excerpt":{"rendered":"<p>Tinta pl\u00e1stica mate com conservante anti-fungos <\/p>\n","protected":false},"featured_media":82266,"comment_status":"closed","ping_status":"closed","template":"","meta":{"_acf_changed":false,"_links_to":"","_links_to_target":""},"product_brand":[],"product_cat":[1346,1024],"product_tag":[],"class_list":{"0":"post-2346","1":"product","2":"type-product","3":"status-publish","4":"has-post-thumbnail","6":"product_cat-mate-super-86-pt-pt","7":"product_cat-pinturas-plasticas-pt-pt","8":"pa_formatos-15l-pt-pt","9":"pa_formatos-4l-pt-pt","10":"pa_herramientas-airless-pt-pt","11":"pa_herramientas-brocha-pt-pt","12":"pa_herramientas-pistola-pt-pt","13":"pa_herramientas-rodillo-pt-pt","14":"pa_herramientas-rodillo-fachadas-lana-oveja-20mm-pt-pt","15":"pa_herramientas-rodillo-fachadas-poliamida-extra-larga-de-20mm-pt-pt","16":"pa_herramientas-rodillo-fachadas-poliamida-larga-de-19mm-pt-pt","17":"pa_herramientas-rodillo-interior-poliamida-de-11mm-pt","18":"pa_herramientas-rodillo-interior-100-microfibra-de-11mm-pt","19":"pa_iconos-45-exterior-interior-pt-pt","20":"pa_iconos-50-extra-mate-85o-pt-pt","21":"pa_iconos-61-lavabilidad-nivel-2-pt-pt","22":"pa_iconos-base-agua-pt-pt","23":"pa_iconos-conservante-antimoho-sitema-atmh-pt-pt","24":"pa_iconos-extra-mate-pt-pt","25":"pa_iconos-mate4-5-pt-pt","26":"pa_iconos-producto-al-agua-pt-pt","27":"pa_iconos-rendimiento-8-12-m2l-pt-pt","29":"first","30":"instock","31":"shipping-taxable","32":"product-type-simple"},"acf":[],"_links":{"self":[{"href":"https:\/\/jafep.com\/pt-pt\/wp-json\/wp\/v2\/product\/2346","targetHints":{"allow":["GET"]}}],"collection":[{"href":"https:\/\/jafep.com\/pt-pt\/wp-json\/wp\/v2\/product"}],"about":[{"href":"https:\/\/jafep.com\/pt-pt\/wp-json\/wp\/v2\/types\/product"}],"replies":[{"embeddable":true,"href":"https:\/\/jafep.com\/pt-pt\/wp-json\/wp\/v2\/comments?post=2346"}],"wp:featuredmedia":[{"embeddable":true,"href":"https:\/\/jafep.com\/pt-pt\/wp-json\/wp\/v2\/media\/82266"}],"wp:attachment":[{"href":"https:\/\/jafep.com\/pt-pt\/wp-json\/wp\/v2\/media?parent=2346"}],"wp:term":[{"taxonomy":"product_brand","embeddable":true,"href":"https:\/\/jafep.com\/pt-pt\/wp-json\/wp\/v2\/product_brand?post=2346"},{"taxonomy":"product_cat","embeddable":true,"href":"https:\/\/jafep.com\/pt-pt\/wp-json\/wp\/v2\/product_cat?post=2346"},{"taxonomy":"product_tag","embeddable":true,"href":"https:\/\/jafep.com\/pt-pt\/wp-json\/wp\/v2\/product_tag?post=2346"}],"curies":[{"name":"wp","href":"https:\/\/api.w.org\/{rel}","templated":true}]}}