{"id":2345,"date":"2014-06-12T11:06:38","date_gmt":"2016-02-26T07:56:01","guid":{"rendered":"https:\/\/jafep.com\/?post_type=product&#038;p=2345"},"modified":"2023-04-24T07:33:08","modified_gmt":"2023-04-24T07:33:08","slug":"easy-clean-facil-limpeza","status":"publish","type":"product","link":"https:\/\/jafep.com\/pt-pt\/producto\/easy-clean-facil-limpeza\/","title":{"rendered":"Easy Clean"},"content":{"rendered":"<p>Tinta pl\u00e1stica de alta qualidade, feita com resinas de emuls\u00e3o acr\u00edlica. Com uma brancura, cobertura e desempenho excecionais. Para acabamentos perfeitos, tanto no exterior como no interior. A sua caracter\u00edstica mais not\u00e1vel \u00e9 a sua absor\u00e7\u00e3o m\u00ednima, o que, juntamente com a sua excelente lavabilidade, facilita a limpeza de manchas dif\u00edceis (vinho, caf\u00e9, etc.) com um pano h\u00famido e em apenas algumas passagens.<\/p>\n<p>Easyclean cumpre todos os crit\u00e9rios ecol\u00f3gicos para tintas de interior, raz\u00e3o pela qual lhe foi atribu\u00eddo o R\u00f3tulo Ecol\u00f3gico da UE.<\/p>\n<p><strong><a href=\"http:\/\/www.jafep.com\/la-etiqueta-ecolabel-pinturas\/\">Quer saber mais sobre a Ecolabel, o r\u00f3tulo ecol\u00f3gico comunit\u00e1rio?<\/a><\/strong> <\/p>\n","protected":false},"excerpt":{"rendered":"<p>Tinta pl\u00e1stica acr\u00edlica <\/p>\n","protected":false},"featured_media":82246,"comment_status":"closed","ping_status":"closed","template":"","meta":{"_acf_changed":false,"_links_to":"","_links_to_target":""},"product_brand":[],"product_cat":[1571,1565,1556,1555,1350,1024],"product_tag":[],"class_list":{"0":"post-2345","1":"product","2":"type-product","3":"status-publish","4":"has-post-thumbnail","6":"product_cat-acabamento-mate","7":"product_cat-decorar-pintar-pt-pt","8":"product_cat-limpeza-facil","9":"product_cat-tinta-ecologica","10":"product_cat-tintas-amigas-do-ambiente","11":"product_cat-pinturas-plasticas-pt-pt","12":"pa_formatos-15l-pt-pt","13":"pa_formatos-4l-pt-pt","14":"pa_herramientas-airless-pt-pt","15":"pa_herramientas-brocha-pt-pt","16":"pa_herramientas-pistola-pt-pt","17":"pa_herramientas-rodillo-pt-pt","18":"pa_herramientas-rodillo-interior-poliamida-de-11mm-pt","19":"pa_herramientas-rodillo-interior-100-microfibra-de-11mm-pt","20":"pa_iconos-45-exterior-interior-pt-pt","21":"pa_iconos-51-mate-60o-pt-pt","22":"pa_iconos-60-lavabilidad-nivel-1-pt-pt","23":"pa_iconos-base-agua-pt-pt","24":"pa_iconos-ecolabel-pt-pt","25":"pa_iconos-mate-pt-pt","26":"pa_iconos-mate2-5-pt-pt","27":"pa_iconos-rendimiento-10-14-m2-l-pt-pt","29":"first","30":"instock","31":"shipping-taxable","32":"product-type-simple"},"acf":[],"_links":{"self":[{"href":"https:\/\/jafep.com\/pt-pt\/wp-json\/wp\/v2\/product\/2345","targetHints":{"allow":["GET"]}}],"collection":[{"href":"https:\/\/jafep.com\/pt-pt\/wp-json\/wp\/v2\/product"}],"about":[{"href":"https:\/\/jafep.com\/pt-pt\/wp-json\/wp\/v2\/types\/product"}],"replies":[{"embeddable":true,"href":"https:\/\/jafep.com\/pt-pt\/wp-json\/wp\/v2\/comments?post=2345"}],"wp:featuredmedia":[{"embeddable":true,"href":"https:\/\/jafep.com\/pt-pt\/wp-json\/wp\/v2\/media\/82246"}],"wp:attachment":[{"href":"https:\/\/jafep.com\/pt-pt\/wp-json\/wp\/v2\/media?parent=2345"}],"wp:term":[{"taxonomy":"product_brand","embeddable":true,"href":"https:\/\/jafep.com\/pt-pt\/wp-json\/wp\/v2\/product_brand?post=2345"},{"taxonomy":"product_cat","embeddable":true,"href":"https:\/\/jafep.com\/pt-pt\/wp-json\/wp\/v2\/product_cat?post=2345"},{"taxonomy":"product_tag","embeddable":true,"href":"https:\/\/jafep.com\/pt-pt\/wp-json\/wp\/v2\/product_tag?post=2345"}],"curies":[{"name":"wp","href":"https:\/\/api.w.org\/{rel}","templated":true}]}}