{"id":2344,"date":"2014-06-12T10:32:25","date_gmt":"2016-02-26T07:54:43","guid":{"rendered":"https:\/\/jafep.com\/?post_type=product&#038;p=2344"},"modified":"2023-06-21T09:01:36","modified_gmt":"2023-06-21T09:01:36","slug":"unica","status":"publish","type":"product","link":"https:\/\/jafep.com\/pt-pt\/producto\/unica\/","title":{"rendered":"\u00danica"},"content":{"rendered":"<p>Produto \u00e0 base de resinas de emuls\u00e3o, especialmente desenvolvido como prim\u00e1rio para ser aplicado em superf\u00edcies interiores de edif\u00edcios novos, nomeadamente: gesso de proje\u00e7\u00e3o, escaiola, \u201cpladur\u201d, etc. Resolve problemas de ader\u00eancia, uniformiza e alisa pequenas fissuras e fendas das paredes numa \u00fanica opera\u00e7\u00e3o, antes da aplica\u00e7\u00e3o das tintas de acabamento. <\/p>\n","protected":false},"excerpt":{"rendered":"<p>Tinta gesso acr\u00edlica <\/p>\n","protected":false},"featured_media":83151,"comment_status":"closed","ping_status":"closed","template":"","meta":{"_acf_changed":false,"_links_to":"","_links_to_target":""},"product_brand":[],"product_cat":[1246,537,1244],"product_tag":[],"class_list":{"0":"post-2344","1":"product","2":"type-product","3":"status-publish","4":"has-post-thumbnail","6":"product_cat-before-paint-pt-pt","7":"product_cat-complementos-pt-pt-2","8":"product_cat-preparaciones-y-fondos-pt-pt","9":"pa_formatos-25kg","10":"pa_herramientas-airless-pt-pt","11":"pa_herramientas-pistola-pt-pt","12":"pa_iconos-46-interior-pt-pt","13":"pa_iconos-50-extra-mate-85o-pt-pt","14":"pa_iconos-63-lavabilidad-nivel-4-pt-pt","15":"pa_iconos-base-agua-pt-pt","16":"pa_iconos-extra-mate-profundo-pt-pt","17":"pa_iconos-rendimiento-5-8-m2-l-pt-pt","19":"first","20":"instock","21":"shipping-taxable","22":"product-type-simple"},"acf":[],"_links":{"self":[{"href":"https:\/\/jafep.com\/pt-pt\/wp-json\/wp\/v2\/product\/2344","targetHints":{"allow":["GET"]}}],"collection":[{"href":"https:\/\/jafep.com\/pt-pt\/wp-json\/wp\/v2\/product"}],"about":[{"href":"https:\/\/jafep.com\/pt-pt\/wp-json\/wp\/v2\/types\/product"}],"replies":[{"embeddable":true,"href":"https:\/\/jafep.com\/pt-pt\/wp-json\/wp\/v2\/comments?post=2344"}],"wp:featuredmedia":[{"embeddable":true,"href":"https:\/\/jafep.com\/pt-pt\/wp-json\/wp\/v2\/media\/83151"}],"wp:attachment":[{"href":"https:\/\/jafep.com\/pt-pt\/wp-json\/wp\/v2\/media?parent=2344"}],"wp:term":[{"taxonomy":"product_brand","embeddable":true,"href":"https:\/\/jafep.com\/pt-pt\/wp-json\/wp\/v2\/product_brand?post=2344"},{"taxonomy":"product_cat","embeddable":true,"href":"https:\/\/jafep.com\/pt-pt\/wp-json\/wp\/v2\/product_cat?post=2344"},{"taxonomy":"product_tag","embeddable":true,"href":"https:\/\/jafep.com\/pt-pt\/wp-json\/wp\/v2\/product_tag?post=2344"}],"curies":[{"name":"wp","href":"https:\/\/api.w.org\/{rel}","templated":true}]}}