{"id":2343,"date":"2016-02-08T15:22:56","date_gmt":"2016-02-08T15:22:56","guid":{"rendered":"https:\/\/jafep.com\/?post_type=product&#038;p=2343"},"modified":"2023-04-24T08:56:00","modified_gmt":"2023-04-24T08:56:00","slug":"tinta-para-tetos-de-banheiros","status":"publish","type":"product","link":"https:\/\/jafep.com\/pt-pt\/producto\/tinta-para-tetos-de-banheiros\/","title":{"rendered":"Tinta para tetos de banhos"},"content":{"rendered":"<p>Tinta pl\u00e1stica para interiores com grande brancura e boa cobertura. Tem um efeito hidrofugante e alta respirabilidade. \u00c9 ideal para utiliza\u00e7\u00e3o em tetos de casas de banho. <\/p>\n","protected":false},"excerpt":{"rendered":"<p>Tinta com efeito hidrofugante <\/p>\n","protected":false},"featured_media":82741,"comment_status":"closed","ping_status":"closed","template":"","meta":{"_acf_changed":false,"_links_to":"","_links_to_target":""},"product_brand":[],"product_cat":[1024,516],"product_tag":[],"class_list":{"0":"post-2343","1":"product","2":"type-product","3":"status-publish","4":"has-post-thumbnail","6":"product_cat-pinturas-plasticas-pt-pt","7":"product_cat-usos-especiais","8":"pa_formatos-1l-pt-pt","9":"pa_herramientas-airless-pt-pt","10":"pa_herramientas-brocha-pt-pt","11":"pa_herramientas-pistola-pt-pt","12":"pa_herramientas-rodillo-interior-poliamida-de-11mm-pt","13":"pa_herramientas-rodillo-interior-100-microfibra-de-11mm-pt","14":"pa_iconos-41-brocha-rodillo-pistola-pt-pt","15":"pa_iconos-46-interior-pt-pt","16":"pa_iconos-51-mate-60o-pt-pt","17":"pa_iconos-64-lavabilidad-nivel-maximo","18":"pa_iconos-base-agua-pt-pt","19":"pa_iconos-conservante-antimoho-sitema-atmh-pt-pt","20":"pa_iconos-mate-pt-pt","21":"pa_iconos-rendimiento-7-9-m2l-pt-pt","23":"first","24":"instock","25":"shipping-taxable","26":"product-type-simple"},"acf":[],"_links":{"self":[{"href":"https:\/\/jafep.com\/pt-pt\/wp-json\/wp\/v2\/product\/2343","targetHints":{"allow":["GET"]}}],"collection":[{"href":"https:\/\/jafep.com\/pt-pt\/wp-json\/wp\/v2\/product"}],"about":[{"href":"https:\/\/jafep.com\/pt-pt\/wp-json\/wp\/v2\/types\/product"}],"replies":[{"embeddable":true,"href":"https:\/\/jafep.com\/pt-pt\/wp-json\/wp\/v2\/comments?post=2343"}],"wp:featuredmedia":[{"embeddable":true,"href":"https:\/\/jafep.com\/pt-pt\/wp-json\/wp\/v2\/media\/82741"}],"wp:attachment":[{"href":"https:\/\/jafep.com\/pt-pt\/wp-json\/wp\/v2\/media?parent=2343"}],"wp:term":[{"taxonomy":"product_brand","embeddable":true,"href":"https:\/\/jafep.com\/pt-pt\/wp-json\/wp\/v2\/product_brand?post=2343"},{"taxonomy":"product_cat","embeddable":true,"href":"https:\/\/jafep.com\/pt-pt\/wp-json\/wp\/v2\/product_cat?post=2343"},{"taxonomy":"product_tag","embeddable":true,"href":"https:\/\/jafep.com\/pt-pt\/wp-json\/wp\/v2\/product_tag?post=2343"}],"curies":[{"name":"wp","href":"https:\/\/api.w.org\/{rel}","templated":true}]}}