{"id":2338,"date":"2014-06-12T09:02:13","date_gmt":"2014-06-12T09:02:13","guid":{"rendered":"https:\/\/jafep.com\/?post_type=product&#038;p=2338"},"modified":"2023-04-25T08:54:15","modified_gmt":"2023-04-25T08:54:15","slug":"petrex-5-xilex","status":"publish","type":"product","link":"https:\/\/jafep.com\/pt-pt\/producto\/petrex-5-xilex\/","title":{"rendered":"P\u00e9trex 5 Silicato"},"content":{"rendered":"<p>P\u00e9trex 5 Silicato \u00e9 um revestimento inorg\u00e2nico de estrutura mineral altamente resistente \u00e0 luz e \u00e0 degrada\u00e7\u00e3o por intemp\u00e9ries, al\u00e9m de possuir alta permeabilidade ao vapor de \u00e1gua, pois n\u00e3o forma pel\u00edcula e o revestimento \u00e9 altamente poroso. Fabricado \u00e0 base de silicato de pot\u00e1ssio e elaborado segundo a norma DIN 18363, consegue-se um revestimento com m\u00e1xima transpirabilidade. Por outro lado, cont\u00e9m um aditivo derivado do Siloxano que o impermeabiliza para proteg\u00ea-lo da \u00e1gua. Devido \u00e0 sua elevada resist\u00eancia aos agentes atmosf\u00e9ricos, \u00e0 sujidade e ao amarelamento, a superf\u00edcie pintada mant\u00e9m um aspecto inalter\u00e1vel durante muito tempo. <\/p>\n","protected":false},"excerpt":{"rendered":"<p>Tinta de Emuls\u00e3o de Silicato respir\u00e1vel <\/p>\n","protected":false},"featured_media":82211,"comment_status":"closed","ping_status":"closed","template":"","meta":{"_acf_changed":false,"_links_to":"","_links_to_target":""},"product_brand":[],"product_cat":[1065,509,1066,1380],"product_tag":[],"class_list":{"0":"post-2338","1":"product","2":"type-product","3":"status-publish","4":"has-post-thumbnail","6":"product_cat-exteriores-pt-pt","7":"product_cat-petrex-5-pt-pt","8":"product_cat-fachadas-pt-pt","9":"product_cat-tintas-para-fachadas","10":"pa_formatos-15l-pt-pt","11":"pa_formatos-4l-pt-pt","12":"pa_herramientas-airless-pt-pt","13":"pa_herramientas-brocha-pt-pt","14":"pa_herramientas-pistola-pt-pt","15":"pa_herramientas-rodillo-pt-pt","16":"pa_iconos-51-mate-60o-pt-pt","17":"pa_iconos-61-lavabilidad-nivel-2-pt-pt","18":"pa_iconos-antibacterias-pt-pt","19":"pa_iconos-base-agua-pt-pt","20":"pa_iconos-cartacolores","21":"pa_iconos-exterior-pt-pt","22":"pa_iconos-mate-pt-pt","23":"pa_iconos-rendimiento-6-8-m2l-pt-pt","25":"first","26":"instock","27":"shipping-taxable","28":"product-type-simple"},"acf":[],"_links":{"self":[{"href":"https:\/\/jafep.com\/pt-pt\/wp-json\/wp\/v2\/product\/2338","targetHints":{"allow":["GET"]}}],"collection":[{"href":"https:\/\/jafep.com\/pt-pt\/wp-json\/wp\/v2\/product"}],"about":[{"href":"https:\/\/jafep.com\/pt-pt\/wp-json\/wp\/v2\/types\/product"}],"replies":[{"embeddable":true,"href":"https:\/\/jafep.com\/pt-pt\/wp-json\/wp\/v2\/comments?post=2338"}],"wp:featuredmedia":[{"embeddable":true,"href":"https:\/\/jafep.com\/pt-pt\/wp-json\/wp\/v2\/media\/82211"}],"wp:attachment":[{"href":"https:\/\/jafep.com\/pt-pt\/wp-json\/wp\/v2\/media?parent=2338"}],"wp:term":[{"taxonomy":"product_brand","embeddable":true,"href":"https:\/\/jafep.com\/pt-pt\/wp-json\/wp\/v2\/product_brand?post=2338"},{"taxonomy":"product_cat","embeddable":true,"href":"https:\/\/jafep.com\/pt-pt\/wp-json\/wp\/v2\/product_cat?post=2338"},{"taxonomy":"product_tag","embeddable":true,"href":"https:\/\/jafep.com\/pt-pt\/wp-json\/wp\/v2\/product_tag?post=2338"}],"curies":[{"name":"wp","href":"https:\/\/api.w.org\/{rel}","templated":true}]}}