{"id":2337,"date":"2014-06-12T08:45:07","date_gmt":"2016-02-26T07:47:27","guid":{"rendered":"https:\/\/jafep.com\/?post_type=product&#038;p=2337"},"modified":"2023-04-25T08:28:29","modified_gmt":"2023-04-25T08:28:29","slug":"petrex-5-pastico-fachadas-acrilico-fachadas","status":"publish","type":"product","link":"https:\/\/jafep.com\/pt-pt\/producto\/petrex-5-pastico-fachadas-acrilico-fachadas\/","title":{"rendered":"P\u00e9trex 5 Pl\u00e1stico Fachadas"},"content":{"rendered":"<p>Tinta acr\u00edlica mate, feita a partir de resinas de pigmentos de alta qualidade para obter em exterior un acabamento imperme\u00e1vel, de brancura inalter\u00e1vel, com excelente cobertura, de brancura inalter\u00e1vel e e uma boa resist\u00eancia aos agentes atmosf\u00e9ricos. N\u00e3o contendo cargas pesadas, permite a aplica\u00e7\u00e3o em interior, quando for necess\u00e1rio por sua dureza e durabilidade. <\/p>\n","protected":false},"excerpt":{"rendered":"<p>Tinta aquosa mate <\/p>\n","protected":false},"featured_media":0,"comment_status":"closed","ping_status":"closed","template":"","meta":{"_acf_changed":false,"_links_to":"","_links_to_target":""},"product_brand":[],"product_cat":[509,1380,1024],"product_tag":[],"class_list":{"0":"post-2337","1":"product","2":"type-product","3":"status-publish","5":"product_cat-petrex-5-pt-pt","6":"product_cat-tintas-para-fachadas","7":"product_cat-pinturas-plasticas-pt-pt","8":"pa_formatos-15l-pt-pt","9":"pa_formatos-4l-pt-pt","10":"pa_formatos-750ml-pt-pt","11":"pa_herramientas-airless-pt-pt","12":"pa_herramientas-brocha-pt-pt","13":"pa_herramientas-pistola-pt-pt","14":"pa_herramientas-rodillo-pt-pt","15":"pa_herramientas-rodillo-fachadas-lana-oveja-20mm-pt-pt","16":"pa_herramientas-rodillo-fachadas-poliamida-extra-larga-de-20mm-pt-pt","17":"pa_herramientas-rodillo-fachadas-poliamida-larga-de-19mm-pt-pt","18":"pa_iconos-37-rendimiento-de-9-a-12-m2l-pt-pt","19":"pa_iconos-51-mate-60o-pt-pt","20":"pa_iconos-61-lavabilidad-nivel-2-pt-pt","21":"pa_iconos-base-agua-pt-pt","22":"pa_iconos-exterior-pt-pt","24":"first","25":"instock","26":"shipping-taxable","27":"product-type-simple"},"acf":[],"_links":{"self":[{"href":"https:\/\/jafep.com\/pt-pt\/wp-json\/wp\/v2\/product\/2337","targetHints":{"allow":["GET"]}}],"collection":[{"href":"https:\/\/jafep.com\/pt-pt\/wp-json\/wp\/v2\/product"}],"about":[{"href":"https:\/\/jafep.com\/pt-pt\/wp-json\/wp\/v2\/types\/product"}],"replies":[{"embeddable":true,"href":"https:\/\/jafep.com\/pt-pt\/wp-json\/wp\/v2\/comments?post=2337"}],"wp:attachment":[{"href":"https:\/\/jafep.com\/pt-pt\/wp-json\/wp\/v2\/media?parent=2337"}],"wp:term":[{"taxonomy":"product_brand","embeddable":true,"href":"https:\/\/jafep.com\/pt-pt\/wp-json\/wp\/v2\/product_brand?post=2337"},{"taxonomy":"product_cat","embeddable":true,"href":"https:\/\/jafep.com\/pt-pt\/wp-json\/wp\/v2\/product_cat?post=2337"},{"taxonomy":"product_tag","embeddable":true,"href":"https:\/\/jafep.com\/pt-pt\/wp-json\/wp\/v2\/product_tag?post=2337"}],"curies":[{"name":"wp","href":"https:\/\/api.w.org\/{rel}","templated":true}]}}