{"id":2336,"date":"2014-06-11T10:53:16","date_gmt":"2014-06-11T10:53:16","guid":{"rendered":"https:\/\/jafep.com\/?post_type=product&#038;p=2336"},"modified":"2023-04-25T09:54:14","modified_gmt":"2023-04-25T09:54:14","slug":"rugosil-3","status":"publish","type":"product","link":"https:\/\/jafep.com\/pt-pt\/producto\/rugosil-3\/","title":{"rendered":"Rugosil"},"content":{"rendered":"<p>Revestimento p\u00e9treo rugoso feito com resinas de emuls\u00e3o e pigmentos de alta resist\u00eancia e solidez \u00e0 luz, que lhe d\u00e3o um acabamento el\u00e1stico e imperme\u00e1vel, mas ao mesmo tempo resistente a condi\u00e7\u00f5es climat\u00e9ricas adversas. Tem um bom poder de enchimento que esconde os defeitos do revestimento e um excelente acabamento rugoso de grande brancura. F\u00e1cil de aplicar. Este produto cont\u00e9m aditivos conservantes para proteger a pel\u00edcula. <\/p>\n","protected":false},"excerpt":{"rendered":"<p>Revestimento p\u00e9treo texturado <\/p>\n","protected":false},"featured_media":82171,"comment_status":"closed","ping_status":"closed","template":"","meta":{"_acf_changed":false,"_links_to":"","_links_to_target":""},"product_brand":[],"product_cat":[1065,1586,1064,1066,1383,1380],"product_tag":[],"class_list":{"0":"post-2336","1":"product","2":"type-product","3":"status-publish","4":"has-post-thumbnail","6":"product_cat-exteriores-pt-pt","7":"product_cat-impermeabilizacao","8":"product_cat-aislar-termicamente-pt-pt","9":"product_cat-fachadas-pt-pt","10":"product_cat-tinta-fachadas-especiais","11":"product_cat-tintas-para-fachadas","12":"pa_formatos-15l-pt-pt","13":"pa_herramientas-brocha-pt-pt","14":"pa_herramientas-pistola-pt-pt","15":"pa_herramientas-rodillo-pt-pt","16":"pa_herramientas-rodillo-fachadas-lana-oveja-20mm-pt-pt","17":"pa_herramientas-rodillo-fachadas-poliamida-extra-larga-de-20mm-pt-pt","18":"pa_herramientas-rodillo-fachadas-poliamida-larga-de-19mm-pt-pt","19":"pa_iconos-base-agua-pt-pt","20":"pa_iconos-conservante-antimoho-sitema-atmh-pt-pt","21":"pa_iconos-exterior-pt-pt","22":"pa_iconos-mate-texturado-pt-pt","23":"pa_iconos-rendimiento-1-2-m2-l-pt-pt","25":"first","26":"instock","27":"shipping-taxable","28":"product-type-simple"},"acf":[],"_links":{"self":[{"href":"https:\/\/jafep.com\/pt-pt\/wp-json\/wp\/v2\/product\/2336","targetHints":{"allow":["GET"]}}],"collection":[{"href":"https:\/\/jafep.com\/pt-pt\/wp-json\/wp\/v2\/product"}],"about":[{"href":"https:\/\/jafep.com\/pt-pt\/wp-json\/wp\/v2\/types\/product"}],"replies":[{"embeddable":true,"href":"https:\/\/jafep.com\/pt-pt\/wp-json\/wp\/v2\/comments?post=2336"}],"wp:featuredmedia":[{"embeddable":true,"href":"https:\/\/jafep.com\/pt-pt\/wp-json\/wp\/v2\/media\/82171"}],"wp:attachment":[{"href":"https:\/\/jafep.com\/pt-pt\/wp-json\/wp\/v2\/media?parent=2336"}],"wp:term":[{"taxonomy":"product_brand","embeddable":true,"href":"https:\/\/jafep.com\/pt-pt\/wp-json\/wp\/v2\/product_brand?post=2336"},{"taxonomy":"product_cat","embeddable":true,"href":"https:\/\/jafep.com\/pt-pt\/wp-json\/wp\/v2\/product_cat?post=2336"},{"taxonomy":"product_tag","embeddable":true,"href":"https:\/\/jafep.com\/pt-pt\/wp-json\/wp\/v2\/product_tag?post=2336"}],"curies":[{"name":"wp","href":"https:\/\/api.w.org\/{rel}","templated":true}]}}