{"id":1988,"date":"2014-06-05T07:31:52","date_gmt":"2016-02-23T07:42:08","guid":{"rendered":"https:\/\/jafep.com\/?post_type=product&#038;p=1988"},"modified":"2023-05-04T10:31:51","modified_gmt":"2023-05-04T10:31:51","slug":"tierras-rodantinas","status":"publish","type":"product","link":"https:\/\/jafep.com\/pt-pt\/producto\/tierras-rodantinas\/","title":{"rendered":"Tierras Rodantinas"},"content":{"rendered":"<p>Tinta decorativa branca que por adi\u00e7\u00e3o de corantes ou corantes obt\u00e9m acabamentos com efeito envelhecido, lav\u00e1vel, respir\u00e1vel, resistente a riscos e com boa resist\u00eancia \u00e0 luz e \u00e0s intemp\u00e9ries consoante a pigmenta\u00e7\u00e3o. <\/p>\n","protected":false},"excerpt":{"rendered":"<p>Revestimento Decorativo <\/p>\n","protected":false},"featured_media":80030,"comment_status":"closed","ping_status":"closed","template":"","meta":{"_acf_changed":false,"_links_to":"","_links_to_target":""},"product_brand":[],"product_cat":[430,1295,1565,1568,1247],"product_tag":[],"class_list":{"0":"post-1988","1":"product","2":"type-product","3":"status-publish","4":"has-post-thumbnail","6":"product_cat-acabado","7":"product_cat-alta-decoracao-pt-pt","8":"product_cat-decorar-pintar-pt-pt","9":"product_cat-efeitos-decorativos","10":"product_cat-interiores-pt-pt","11":"pa_formatos-2-5l-pt-pt","12":"pa_herramientas-paletina-alta-decoracion-pt","13":"pa_iconos-34-rendimiento-de-10-12-m2l-pt-pt","14":"pa_iconos-46-interior-pt-pt","15":"pa_iconos-base-agua-pt-pt","17":"first","18":"instock","19":"shipping-taxable","20":"product-type-simple"},"acf":[],"_links":{"self":[{"href":"https:\/\/jafep.com\/pt-pt\/wp-json\/wp\/v2\/product\/1988","targetHints":{"allow":["GET"]}}],"collection":[{"href":"https:\/\/jafep.com\/pt-pt\/wp-json\/wp\/v2\/product"}],"about":[{"href":"https:\/\/jafep.com\/pt-pt\/wp-json\/wp\/v2\/types\/product"}],"replies":[{"embeddable":true,"href":"https:\/\/jafep.com\/pt-pt\/wp-json\/wp\/v2\/comments?post=1988"}],"wp:featuredmedia":[{"embeddable":true,"href":"https:\/\/jafep.com\/pt-pt\/wp-json\/wp\/v2\/media\/80030"}],"wp:attachment":[{"href":"https:\/\/jafep.com\/pt-pt\/wp-json\/wp\/v2\/media?parent=1988"}],"wp:term":[{"taxonomy":"product_brand","embeddable":true,"href":"https:\/\/jafep.com\/pt-pt\/wp-json\/wp\/v2\/product_brand?post=1988"},{"taxonomy":"product_cat","embeddable":true,"href":"https:\/\/jafep.com\/pt-pt\/wp-json\/wp\/v2\/product_cat?post=1988"},{"taxonomy":"product_tag","embeddable":true,"href":"https:\/\/jafep.com\/pt-pt\/wp-json\/wp\/v2\/product_tag?post=1988"}],"curies":[{"name":"wp","href":"https:\/\/api.w.org\/{rel}","templated":true}]}}