{"id":1980,"date":"2016-02-23T07:32:06","date_gmt":"2016-02-23T07:32:06","guid":{"rendered":"https:\/\/jafep.com\/?post_type=product&#038;p=1980"},"modified":"2016-02-23T07:32:06","modified_gmt":"2016-02-23T07:32:06","slug":"esmalte-sintetico-satinado-3","status":"publish","type":"product","link":"https:\/\/jafep.com\/pt-pt\/producto\/esmalte-sintetico-satinado-3\/","title":{"rendered":"ESMALTE SINT\u00c9TICO SATINADO"},"content":{"rendered":"<p>\u00c9 um esmalte sint\u00e9tico mate e de grande poder de cobri\u00e7\u00e3o, formulado com resinas aqu\u00eanicas especiais e pigmentos de contrastada resist\u00eancia e estabilidade a luz, que proporciona n\u00edveis de acabado da m\u00e1xima qualidade. <\/p>\n","protected":false},"excerpt":{"rendered":"<p>\u00c9 um esmalte sint\u00e9tico mate e de grande poder de cobri\u00e7\u00e3o, formulado com resinas aqu\u00eanicas especiais e pigmentos de contrastada resist\u00eancia e estabilidade a luz, que proporciona n\u00edveis de acabado da m\u00e1xima qualidade.<\/p>\n","protected":false},"featured_media":0,"comment_status":"closed","ping_status":"closed","template":"","meta":{"_acf_changed":false,"_links_to":"","_links_to_target":""},"product_brand":[],"product_cat":[443],"product_tag":[],"class_list":{"0":"post-1980","1":"product","2":"type-product","3":"status-publish","5":"product_cat-esmaltes-decoracao","6":"pa_herramientas-rodillo-esmalte-barniz-sintetico-100-espuma-flocada-pt-pt","7":"pa_herramientas-rodillo-esmalte-barniz-sintetico-100-lana-de-oveja-45mm-pt-pt","8":"pa_herramientas-rodillo-esmalte-barniz-sintetico-flocado-pt-pt","9":"pa_herramientas-rodillo-esmalte-barniz-sintetico-y-acrilico-100-espuma-densidad-60-pt-pt","10":"pa_iconos-2-base-solvente-pt-pt","11":"pa_iconos-30-rendimiento-12-14-m2-pt-pt","12":"pa_iconos-41-brocha-rodillo-pistola-pt-pt","13":"pa_iconos-45-exterior-interior-pt-pt","14":"pa_iconos-64-lavabilidad-nivel-maximo","16":"first","17":"instock","18":"shipping-taxable","19":"product-type-simple"},"acf":[],"_links":{"self":[{"href":"https:\/\/jafep.com\/pt-pt\/wp-json\/wp\/v2\/product\/1980","targetHints":{"allow":["GET"]}}],"collection":[{"href":"https:\/\/jafep.com\/pt-pt\/wp-json\/wp\/v2\/product"}],"about":[{"href":"https:\/\/jafep.com\/pt-pt\/wp-json\/wp\/v2\/types\/product"}],"replies":[{"embeddable":true,"href":"https:\/\/jafep.com\/pt-pt\/wp-json\/wp\/v2\/comments?post=1980"}],"wp:attachment":[{"href":"https:\/\/jafep.com\/pt-pt\/wp-json\/wp\/v2\/media?parent=1980"}],"wp:term":[{"taxonomy":"product_brand","embeddable":true,"href":"https:\/\/jafep.com\/pt-pt\/wp-json\/wp\/v2\/product_brand?post=1980"},{"taxonomy":"product_cat","embeddable":true,"href":"https:\/\/jafep.com\/pt-pt\/wp-json\/wp\/v2\/product_cat?post=1980"},{"taxonomy":"product_tag","embeddable":true,"href":"https:\/\/jafep.com\/pt-pt\/wp-json\/wp\/v2\/product_tag?post=1980"}],"curies":[{"name":"wp","href":"https:\/\/api.w.org\/{rel}","templated":true}]}}