{"id":1967,"date":"2014-06-10T08:45:23","date_gmt":"2016-02-22T16:33:48","guid":{"rendered":"https:\/\/jafep.com\/?post_type=product&#038;p=1967"},"modified":"2023-04-19T10:12:10","modified_gmt":"2023-04-19T10:12:10","slug":"imprimacion-antioxidante-2","status":"publish","type":"product","link":"https:\/\/jafep.com\/pt-pt\/producto\/imprimacion-antioxidante-2\/","title":{"rendered":"Primario Antioxidante"},"content":{"rendered":"<p>Protector antioxidante de ferro em estruturas met\u00e1licas, maquinaria, electrodom\u00e9sticos, etc.<br \/>\nBaseada em resinas alc\u00eddicas e pigmentos anticorrosivos capazes de oferecer uma protec\u00e7\u00e3o adequada \u00e1s superf\u00edcies de ferro e a\u00e7o industrial. <\/p>\n","protected":false},"excerpt":{"rendered":"<p>Prim\u00e1rio antioxidante \u00e0 base de resinas alqu\u00eddicas <\/p>\n","protected":false},"featured_media":82111,"comment_status":"closed","ping_status":"closed","template":"","meta":{"_acf_changed":false,"_links_to":"","_links_to_target":""},"product_brand":[],"product_cat":[1310,451,787],"product_tag":[],"class_list":{"0":"post-1967","1":"product","2":"type-product","3":"status-publish","4":"has-post-thumbnail","6":"product_cat-esmaltes-primarios-e-selantes","7":"product_cat-primarios","8":"product_cat-proteger-metal-pt-pt","9":"pa_formatos-15l-pt-pt","10":"pa_formatos-4l-pt-pt","11":"pa_formatos-750ml-pt-pt","12":"pa_herramientas-airless-pt-pt","13":"pa_herramientas-brocha-pt-pt","14":"pa_herramientas-pistola-pt-pt","15":"pa_herramientas-rodillo-pt-pt","16":"pa_herramientas-rodillo-esmalte-barniz-sintetico-100-espuma-flocada-pt-pt","17":"pa_herramientas-rodillo-esmalte-barniz-sintetico-100-lana-de-oveja-45mm-pt-pt","18":"pa_herramientas-rodillo-esmalte-barniz-sintetico-flocado-pt-pt","19":"pa_herramientas-rodillo-esmalte-barniz-sintetico-y-acrilico-100-espuma-densidad-60-pt-pt","20":"pa_herramientas-rodillo-esmalte-barniz-acrilico-microfibra-8-mm-pt-pt","21":"pa_iconos-2-base-solvente-pt-pt","22":"pa_iconos-45-exterior-interior-pt-pt","23":"pa_iconos-64-lavabilidad-nivel-maximo","24":"pa_iconos-rendimiento-10-14-m2-l-pt-pt","25":"pa_iconos-satinado-pt-pt","27":"first","28":"instock","29":"shipping-taxable","30":"product-type-simple"},"acf":[],"_links":{"self":[{"href":"https:\/\/jafep.com\/pt-pt\/wp-json\/wp\/v2\/product\/1967","targetHints":{"allow":["GET"]}}],"collection":[{"href":"https:\/\/jafep.com\/pt-pt\/wp-json\/wp\/v2\/product"}],"about":[{"href":"https:\/\/jafep.com\/pt-pt\/wp-json\/wp\/v2\/types\/product"}],"replies":[{"embeddable":true,"href":"https:\/\/jafep.com\/pt-pt\/wp-json\/wp\/v2\/comments?post=1967"}],"wp:featuredmedia":[{"embeddable":true,"href":"https:\/\/jafep.com\/pt-pt\/wp-json\/wp\/v2\/media\/82111"}],"wp:attachment":[{"href":"https:\/\/jafep.com\/pt-pt\/wp-json\/wp\/v2\/media?parent=1967"}],"wp:term":[{"taxonomy":"product_brand","embeddable":true,"href":"https:\/\/jafep.com\/pt-pt\/wp-json\/wp\/v2\/product_brand?post=1967"},{"taxonomy":"product_cat","embeddable":true,"href":"https:\/\/jafep.com\/pt-pt\/wp-json\/wp\/v2\/product_cat?post=1967"},{"taxonomy":"product_tag","embeddable":true,"href":"https:\/\/jafep.com\/pt-pt\/wp-json\/wp\/v2\/product_tag?post=1967"}],"curies":[{"name":"wp","href":"https:\/\/api.w.org\/{rel}","templated":true}]}}