{"id":1954,"date":"2014-06-10T09:28:30","date_gmt":"2016-02-22T16:10:01","guid":{"rendered":"https:\/\/jafep.com\/?post_type=product&#038;p=1954"},"modified":"2023-04-19T07:34:25","modified_gmt":"2023-04-19T07:34:25","slug":"esmalte-acrilico-bs","status":"publish","type":"product","link":"https:\/\/jafep.com\/pt-pt\/producto\/esmalte-acrilico-bs\/","title":{"rendered":"BS Esmalte Acr\u00edlico direto para Galvanizado e outros metais"},"content":{"rendered":"<p>Esmalte acr\u00edlico \u00e0 base de solventes, pigmentado brilhante, com \u00f3tima ader\u00eancia em todos os tipos de metais e excelente em ferro galvanizado monomanual. Tem boa resist\u00eancia \u00e0 luz, intemp\u00e9ries e corros\u00e3o. Alta dureza e boa flexibilidade. <\/p>\n","protected":false},"excerpt":{"rendered":"<p>Esmalte acr\u00edlico \u00e0 base de solvente. <\/p>\n","protected":false},"featured_media":82121,"comment_status":"closed","ping_status":"closed","template":"","meta":{"_acf_changed":false,"_links_to":"","_links_to_target":""},"product_brand":[],"product_cat":[448,1310,1527,786],"product_tag":[],"class_list":{"0":"post-1954","1":"product","2":"type-product","3":"status-publish","4":"has-post-thumbnail","6":"product_cat-esmaltes-especiais","7":"product_cat-esmaltes-primarios-e-selantes","8":"product_cat-galvanizado-pt-pt","9":"product_cat-pintar-cambiar-el-color-pt-pt","10":"pa_formatos-4l-pt-pt","11":"pa_formatos-750ml-pt-pt","12":"pa_herramientas-airless-pt-pt","13":"pa_herramientas-pistola-pt-pt","14":"pa_iconos-2-base-solvente-pt-pt","15":"pa_iconos-45-exterior-interior-pt-pt","16":"pa_iconos-64-lavabilidad-nivel-maximo","17":"pa_iconos-brillante-satinado-pt-pt","18":"pa_iconos-rendimiento-8-12-m2l-pt-pt","20":"first","21":"instock","22":"shipping-taxable","23":"product-type-simple"},"acf":[],"_links":{"self":[{"href":"https:\/\/jafep.com\/pt-pt\/wp-json\/wp\/v2\/product\/1954","targetHints":{"allow":["GET"]}}],"collection":[{"href":"https:\/\/jafep.com\/pt-pt\/wp-json\/wp\/v2\/product"}],"about":[{"href":"https:\/\/jafep.com\/pt-pt\/wp-json\/wp\/v2\/types\/product"}],"replies":[{"embeddable":true,"href":"https:\/\/jafep.com\/pt-pt\/wp-json\/wp\/v2\/comments?post=1954"}],"wp:featuredmedia":[{"embeddable":true,"href":"https:\/\/jafep.com\/pt-pt\/wp-json\/wp\/v2\/media\/82121"}],"wp:attachment":[{"href":"https:\/\/jafep.com\/pt-pt\/wp-json\/wp\/v2\/media?parent=1954"}],"wp:term":[{"taxonomy":"product_brand","embeddable":true,"href":"https:\/\/jafep.com\/pt-pt\/wp-json\/wp\/v2\/product_brand?post=1954"},{"taxonomy":"product_cat","embeddable":true,"href":"https:\/\/jafep.com\/pt-pt\/wp-json\/wp\/v2\/product_cat?post=1954"},{"taxonomy":"product_tag","embeddable":true,"href":"https:\/\/jafep.com\/pt-pt\/wp-json\/wp\/v2\/product_tag?post=1954"}],"curies":[{"name":"wp","href":"https:\/\/api.w.org\/{rel}","templated":true}]}}