{"id":1945,"date":"2014-06-10T10:07:10","date_gmt":"2016-02-22T15:59:52","guid":{"rendered":"https:\/\/jafep.com\/?post_type=product&#038;p=1945"},"modified":"2023-04-19T08:52:52","modified_gmt":"2023-04-19T08:52:52","slug":"verniz-metais-jafep","status":"publish","type":"product","link":"https:\/\/jafep.com\/pt-pt\/producto\/verniz-metais-jafep\/","title":{"rendered":"Verniz de Metal Antioxidante"},"content":{"rendered":"<p>Verniz acr\u00edlico modificado e preparado em dissolvente org\u00e2nicos, formulado especialmente para superf\u00edcies f\u00e9rricas e n\u00e3o f\u00e9rricas e com excelente ader\u00eancia tamb\u00e9m em galvanizados. Entre as propriedades que tem podemos destacar sua boa resist\u00eancia ao agua, a intemp\u00e9rie e a luz solar. Sua resist\u00eancia aos \u00e1cidos e bases dilu\u00eddas e um bom comportamento em atmosferas industriais, com um excelente poder anticorrosivo. <\/p>\n","protected":false},"excerpt":{"rendered":"<p>Verniz acr\u00edlico modificado e preparado em dissolvente org\u00e2nicos, formulado especialmente para superf\u00edcies f\u00e9rricas e n\u00e3o f\u00e9rricas e com excelente ader\u00eancia tamb\u00e9m em galvanizados. Entre as propriedades que tem podemos destacar sua boa resist\u00eancia ao agua, a intemp\u00e9rie e a luz solar. Sua resist\u00eancia aos \u00e1cidos e bases dilu\u00eddas e um bom comportamento em atmosferas industriais,&#8230;<\/p>\n","protected":false},"featured_media":82131,"comment_status":"closed","ping_status":"closed","template":"","meta":{"_acf_changed":false,"_links_to":"","_links_to_target":""},"product_brand":[],"product_cat":[1523,448,1310,1519,784,787],"product_tag":[],"class_list":{"0":"post-1945","1":"product","2":"type-product","3":"status-publish","4":"has-post-thumbnail","6":"product_cat-efeito-enferrujado","7":"product_cat-esmaltes-especiais","8":"product_cat-esmaltes-primarios-e-selantes","9":"product_cat-ferrugem","10":"product_cat-mobiliario-de-jardin-pt-pt","11":"product_cat-proteger-metal-pt-pt","12":"pa_formatos-1l-pt-pt","13":"pa_herramientas-brocha-pt-pt","14":"pa_herramientas-pistola-pt-pt","15":"pa_iconos-2-base-solvente-pt-pt","16":"pa_iconos-38-rendimiento-de-10-15-m2l-pt-pt","17":"pa_iconos-45-exterior-interior-pt-pt","18":"pa_iconos-brillante-pt-pt","20":"first","21":"instock","22":"shipping-taxable","23":"product-type-simple"},"acf":[],"_links":{"self":[{"href":"https:\/\/jafep.com\/pt-pt\/wp-json\/wp\/v2\/product\/1945","targetHints":{"allow":["GET"]}}],"collection":[{"href":"https:\/\/jafep.com\/pt-pt\/wp-json\/wp\/v2\/product"}],"about":[{"href":"https:\/\/jafep.com\/pt-pt\/wp-json\/wp\/v2\/types\/product"}],"replies":[{"embeddable":true,"href":"https:\/\/jafep.com\/pt-pt\/wp-json\/wp\/v2\/comments?post=1945"}],"wp:featuredmedia":[{"embeddable":true,"href":"https:\/\/jafep.com\/pt-pt\/wp-json\/wp\/v2\/media\/82131"}],"wp:attachment":[{"href":"https:\/\/jafep.com\/pt-pt\/wp-json\/wp\/v2\/media?parent=1945"}],"wp:term":[{"taxonomy":"product_brand","embeddable":true,"href":"https:\/\/jafep.com\/pt-pt\/wp-json\/wp\/v2\/product_brand?post=1945"},{"taxonomy":"product_cat","embeddable":true,"href":"https:\/\/jafep.com\/pt-pt\/wp-json\/wp\/v2\/product_cat?post=1945"},{"taxonomy":"product_tag","embeddable":true,"href":"https:\/\/jafep.com\/pt-pt\/wp-json\/wp\/v2\/product_tag?post=1945"}],"curies":[{"name":"wp","href":"https:\/\/api.w.org\/{rel}","templated":true}]}}