{"id":1943,"date":"2014-06-10T11:25:25","date_gmt":"2016-02-22T15:56:09","guid":{"rendered":"https:\/\/jafep.com\/?post_type=product&#038;p=1943"},"modified":"2023-04-20T07:23:29","modified_gmt":"2023-04-20T07:23:29","slug":"pintura-plastica-brillocril","status":"publish","type":"product","link":"https:\/\/jafep.com\/pt-pt\/producto\/pintura-plastica-brillocril\/","title":{"rendered":"Brillocril Alto Brilho"},"content":{"rendered":"<p>Tinta pl\u00e1stica semi-brilhante, com excelente brancura e cobertura. F\u00e1cil de aplicar, proporciona acabamentos duradouros, imperme\u00e1veis, altamente lav\u00e1veis, resistentes ao amarelamento e mantendo o seu brilho por longos per\u00edodos de tempo. <\/p>\n","protected":false},"excerpt":{"rendered":"<p>Tinta pl\u00e1stica semi-brilhante, com excelente brancura e cobertura. F\u00e1cil de aplicar, proporciona acabamentos duradouros, imperme\u00e1veis, altamente lav\u00e1veis, resistentes ao amarelamento e mantendo o seu brilho por longos per\u00edodos de tempo.<\/p>\n","protected":false},"featured_media":82136,"comment_status":"closed","ping_status":"closed","template":"","meta":{"_acf_changed":false,"_links_to":"","_links_to_target":""},"product_brand":[],"product_cat":[1569,515,1565,1024],"product_tag":[],"class_list":{"0":"post-1943","1":"product","2":"type-product","3":"status-publish","4":"has-post-thumbnail","6":"product_cat-acabamento-brilhante","7":"product_cat-acetinadas","8":"product_cat-decorar-pintar-pt-pt","9":"product_cat-pinturas-plasticas-pt-pt","10":"pa_formatos-15l-pt-pt","11":"pa_formatos-4l-pt-pt","12":"pa_formatos-750ml-pt-pt","13":"pa_herramientas-airless-pt-pt","14":"pa_herramientas-brocha-pt-pt","15":"pa_herramientas-pistola-pt-pt","16":"pa_herramientas-rodillo-pt-pt","17":"pa_herramientas-rodillo-interior-poliamida-de-11mm-pt","18":"pa_herramientas-rodillo-interior-100-microfibra-de-11mm-pt","19":"pa_iconos-45-exterior-interior-pt-pt","20":"pa_iconos-60-lavabilidad-nivel-1-pt-pt","21":"pa_iconos-base-agua-pt-pt","22":"pa_iconos-rendimiento-7-10-m2l-pt-pt","23":"pa_iconos-semibrillante-pt-pt","25":"first","26":"instock","27":"shipping-taxable","28":"product-type-simple"},"acf":[],"_links":{"self":[{"href":"https:\/\/jafep.com\/pt-pt\/wp-json\/wp\/v2\/product\/1943","targetHints":{"allow":["GET"]}}],"collection":[{"href":"https:\/\/jafep.com\/pt-pt\/wp-json\/wp\/v2\/product"}],"about":[{"href":"https:\/\/jafep.com\/pt-pt\/wp-json\/wp\/v2\/types\/product"}],"replies":[{"embeddable":true,"href":"https:\/\/jafep.com\/pt-pt\/wp-json\/wp\/v2\/comments?post=1943"}],"wp:featuredmedia":[{"embeddable":true,"href":"https:\/\/jafep.com\/pt-pt\/wp-json\/wp\/v2\/media\/82136"}],"wp:attachment":[{"href":"https:\/\/jafep.com\/pt-pt\/wp-json\/wp\/v2\/media?parent=1943"}],"wp:term":[{"taxonomy":"product_brand","embeddable":true,"href":"https:\/\/jafep.com\/pt-pt\/wp-json\/wp\/v2\/product_brand?post=1943"},{"taxonomy":"product_cat","embeddable":true,"href":"https:\/\/jafep.com\/pt-pt\/wp-json\/wp\/v2\/product_cat?post=1943"},{"taxonomy":"product_tag","embeddable":true,"href":"https:\/\/jafep.com\/pt-pt\/wp-json\/wp\/v2\/product_tag?post=1943"}],"curies":[{"name":"wp","href":"https:\/\/api.w.org\/{rel}","templated":true}]}}