{"id":1936,"date":"2014-06-10T11:37:52","date_gmt":"2014-06-10T11:37:52","guid":{"rendered":"https:\/\/jafep.com\/?post_type=product&#038;p=1936"},"modified":"2025-03-31T13:59:00","modified_gmt":"2025-03-31T13:59:00","slug":"pintura-plastica-satinado-super","status":"publish","type":"product","link":"https:\/\/jafep.com\/pt-pt\/producto\/pintura-plastica-satinado-super\/","title":{"rendered":"Satinada S\u00faper"},"content":{"rendered":"<p>Tinta aquosa para interior e exterior de alta qualidade, estabilidade e resist\u00eancia, o que lhe proporciona uma acabamento imperme\u00e1vel e duradouro com uma excelente brancura e bom poder de cobertura. Aspecto final satinado e sedoso. Muito lav\u00e1vel. <\/p>\n","protected":false},"excerpt":{"rendered":"<p>Tinta Aquosa Acetinada <\/p>\n","protected":false},"featured_media":82136,"comment_status":"closed","ping_status":"closed","template":"","meta":{"_acf_changed":false,"_links_to":"","_links_to_target":""},"product_brand":[],"product_cat":[515,1065,1586,1247,1024],"product_tag":[],"class_list":{"0":"post-1936","1":"product","2":"type-product","3":"status-publish","4":"has-post-thumbnail","6":"product_cat-acetinadas","7":"product_cat-exteriores-pt-pt","8":"product_cat-impermeabilizacao","9":"product_cat-interiores-pt-pt","10":"product_cat-pinturas-plasticas-pt-pt","11":"pa_formatos-15l-pt-pt","12":"pa_formatos-4l-pt-pt","13":"pa_formatos-750ml-pt-pt","14":"pa_formatos-8l-pt-pt","15":"pa_herramientas-airless-pt-pt","16":"pa_herramientas-brocha-pt-pt","17":"pa_herramientas-pistola-pt-pt","18":"pa_herramientas-rodillo-pt-pt","19":"pa_herramientas-rodillo-fachadas-lana-oveja-20mm-pt-pt","20":"pa_herramientas-rodillo-fachadas-poliamida-extra-larga-de-20mm-pt-pt","21":"pa_herramientas-rodillo-fachadas-poliamida-larga-de-19mm-pt-pt","22":"pa_herramientas-rodillo-interior-poliamida-de-11mm-pt","23":"pa_herramientas-rodillo-interior-100-microfibra-de-11mm-pt","24":"pa_iconos-37-rendimiento-de-9-a-12-m2l-pt-pt","25":"pa_iconos-45-exterior-interior-pt-pt","26":"pa_iconos-64-lavabilidad-nivel-maximo","27":"pa_iconos-base-agua-pt-pt","29":"first","30":"instock","31":"shipping-taxable","32":"product-type-simple"},"acf":[],"_links":{"self":[{"href":"https:\/\/jafep.com\/pt-pt\/wp-json\/wp\/v2\/product\/1936","targetHints":{"allow":["GET"]}}],"collection":[{"href":"https:\/\/jafep.com\/pt-pt\/wp-json\/wp\/v2\/product"}],"about":[{"href":"https:\/\/jafep.com\/pt-pt\/wp-json\/wp\/v2\/types\/product"}],"replies":[{"embeddable":true,"href":"https:\/\/jafep.com\/pt-pt\/wp-json\/wp\/v2\/comments?post=1936"}],"wp:featuredmedia":[{"embeddable":true,"href":"https:\/\/jafep.com\/pt-pt\/wp-json\/wp\/v2\/media\/82136"}],"wp:attachment":[{"href":"https:\/\/jafep.com\/pt-pt\/wp-json\/wp\/v2\/media?parent=1936"}],"wp:term":[{"taxonomy":"product_brand","embeddable":true,"href":"https:\/\/jafep.com\/pt-pt\/wp-json\/wp\/v2\/product_brand?post=1936"},{"taxonomy":"product_cat","embeddable":true,"href":"https:\/\/jafep.com\/pt-pt\/wp-json\/wp\/v2\/product_cat?post=1936"},{"taxonomy":"product_tag","embeddable":true,"href":"https:\/\/jafep.com\/pt-pt\/wp-json\/wp\/v2\/product_tag?post=1936"}],"curies":[{"name":"wp","href":"https:\/\/api.w.org\/{rel}","templated":true}]}}