{"id":1928,"date":"2014-06-11T07:14:13","date_gmt":"2014-06-11T07:14:13","guid":{"rendered":"https:\/\/jafep.com\/?post_type=product&#038;p=1928"},"modified":"2025-08-11T17:23:11","modified_gmt":"2025-08-11T15:23:11","slug":"pintura-plastica-satinado-2000-tinta-aquosa-acetinada","status":"publish","type":"product","link":"https:\/\/jafep.com\/pt-pt\/producto\/pintura-plastica-satinado-2000-tinta-aquosa-acetinada\/","title":{"rendered":"Satinada 2000"},"content":{"rendered":"<p>Tinta aquosa para Interior e Exterior de alta qualidade, estabilidade e resist\u00eancia, isto proporciona um acabamento duradoiro com uma branquid\u00e3o excelente e bom poder de cobrimento. Aspecto final acetinado e sedoso. Muito lav\u00e1vel.<\/p>\n","protected":false},"excerpt":{"rendered":"<p>Tinta Aquosa Acetinada<\/p>\n","protected":false},"featured_media":82136,"comment_status":"closed","ping_status":"closed","template":"","meta":{"_acf_changed":false,"_links_to":"","_links_to_target":""},"product_brand":[],"product_cat":[515,1024],"product_tag":[],"class_list":{"0":"post-1928","1":"product","2":"type-product","3":"status-publish","4":"has-post-thumbnail","6":"product_cat-acetinadas","7":"product_cat-pinturas-plasticas-pt-pt","8":"pa_formatos-15l-pt-pt","9":"pa_formatos-4l-pt-pt","10":"pa_formatos-750ml-pt-pt","11":"pa_formatos-8l-pt-pt","12":"pa_herramientas-airless-pt-pt","13":"pa_herramientas-brocha-pt-pt","14":"pa_herramientas-pistola-pt-pt","15":"pa_herramientas-rodillo-pt-pt","16":"pa_herramientas-rodillo-fachadas-lana-oveja-20mm-pt-pt","17":"pa_herramientas-rodillo-fachadas-poliamida-extra-larga-de-20mm-pt-pt","18":"pa_herramientas-rodillo-fachadas-poliamida-larga-de-19mm-pt-pt","19":"pa_herramientas-rodillo-interior-poliamida-de-11mm-pt","20":"pa_herramientas-rodillo-interior-100-microfibra-de-11mm-pt","21":"pa_iconos-38-rendimiento-de-10-15-m2l-pt-pt","22":"pa_iconos-45-exterior-interior-pt-pt","23":"pa_iconos-64-lavabilidad-nivel-maximo","24":"pa_iconos-base-agua-pt-pt","26":"first","27":"instock","28":"shipping-taxable","29":"product-type-simple"},"acf":[],"_links":{"self":[{"href":"https:\/\/jafep.com\/pt-pt\/wp-json\/wp\/v2\/product\/1928","targetHints":{"allow":["GET"]}}],"collection":[{"href":"https:\/\/jafep.com\/pt-pt\/wp-json\/wp\/v2\/product"}],"about":[{"href":"https:\/\/jafep.com\/pt-pt\/wp-json\/wp\/v2\/types\/product"}],"replies":[{"embeddable":true,"href":"https:\/\/jafep.com\/pt-pt\/wp-json\/wp\/v2\/comments?post=1928"}],"wp:featuredmedia":[{"embeddable":true,"href":"https:\/\/jafep.com\/pt-pt\/wp-json\/wp\/v2\/media\/82136"}],"wp:attachment":[{"href":"https:\/\/jafep.com\/pt-pt\/wp-json\/wp\/v2\/media?parent=1928"}],"wp:term":[{"taxonomy":"product_brand","embeddable":true,"href":"https:\/\/jafep.com\/pt-pt\/wp-json\/wp\/v2\/product_brand?post=1928"},{"taxonomy":"product_cat","embeddable":true,"href":"https:\/\/jafep.com\/pt-pt\/wp-json\/wp\/v2\/product_cat?post=1928"},{"taxonomy":"product_tag","embeddable":true,"href":"https:\/\/jafep.com\/pt-pt\/wp-json\/wp\/v2\/product_tag?post=1928"}],"curies":[{"name":"wp","href":"https:\/\/api.w.org\/{rel}","templated":true}]}}