{"id":1921,"date":"2014-06-11T08:03:07","date_gmt":"2016-02-22T15:18:48","guid":{"rendered":"https:\/\/jafep.com\/?post_type=product&#038;p=1921"},"modified":"2025-03-31T13:58:56","modified_gmt":"2025-03-31T13:58:56","slug":"pintura-plastica-mate-super-86-tinta-plastica-mate-2","status":"publish","type":"product","link":"https:\/\/jafep.com\/pt-pt\/producto\/pintura-plastica-mate-super-86-tinta-plastica-mate-2\/","title":{"rendered":"Super 86 Vin\u00edlico"},"content":{"rendered":"<p>Tinta pl\u00e1stica mate de alta qualidade feita com resinas e pigmentos de alta resist\u00eancia e solidez \u00e0 luz. Proporciona acabamentos muito brancos, de cobertura e lav\u00e1vel. Para uso exterior e interior. <\/p>\n","protected":false},"excerpt":{"rendered":"<p>Tinta pl\u00e1stica mate <\/p>\n","protected":false},"featured_media":82787,"comment_status":"closed","ping_status":"closed","template":"","meta":{"_acf_changed":false,"_links_to":"","_links_to_target":""},"product_brand":[],"product_cat":[1024],"product_tag":[],"class_list":{"0":"post-1921","1":"product","2":"type-product","3":"status-publish","4":"has-post-thumbnail","6":"product_cat-pinturas-plasticas-pt-pt","7":"pa_formatos-15l-pt-pt","8":"pa_formatos-4l-pt-pt","9":"pa_formatos-750ml-pt-pt","10":"pa_formatos-8l-pt-pt","11":"pa_herramientas-airless-pt-pt","12":"pa_herramientas-brocha-pt-pt","13":"pa_herramientas-pistola-pt-pt","14":"pa_herramientas-rodillo-pt-pt","15":"pa_herramientas-rodillo-fachadas-lana-oveja-20mm-pt-pt","16":"pa_herramientas-rodillo-fachadas-poliamida-extra-larga-de-20mm-pt-pt","17":"pa_herramientas-rodillo-fachadas-poliamida-larga-de-19mm-pt-pt","18":"pa_herramientas-rodillo-interior-poliamida-de-11mm-pt","19":"pa_herramientas-rodillo-interior-100-microfibra-de-11mm-pt","20":"pa_iconos-45-exterior-interior-pt-pt","21":"pa_iconos-50-extra-mate-85o-pt-pt","22":"pa_iconos-61-lavabilidad-nivel-2-pt-pt","23":"pa_iconos-base-agua-pt-pt","24":"pa_iconos-rendimiento-8-12-m2l-pt-pt","26":"first","27":"instock","28":"shipping-taxable","29":"product-type-simple"},"acf":[],"_links":{"self":[{"href":"https:\/\/jafep.com\/pt-pt\/wp-json\/wp\/v2\/product\/1921","targetHints":{"allow":["GET"]}}],"collection":[{"href":"https:\/\/jafep.com\/pt-pt\/wp-json\/wp\/v2\/product"}],"about":[{"href":"https:\/\/jafep.com\/pt-pt\/wp-json\/wp\/v2\/types\/product"}],"replies":[{"embeddable":true,"href":"https:\/\/jafep.com\/pt-pt\/wp-json\/wp\/v2\/comments?post=1921"}],"wp:featuredmedia":[{"embeddable":true,"href":"https:\/\/jafep.com\/pt-pt\/wp-json\/wp\/v2\/media\/82787"}],"wp:attachment":[{"href":"https:\/\/jafep.com\/pt-pt\/wp-json\/wp\/v2\/media?parent=1921"}],"wp:term":[{"taxonomy":"product_brand","embeddable":true,"href":"https:\/\/jafep.com\/pt-pt\/wp-json\/wp\/v2\/product_brand?post=1921"},{"taxonomy":"product_cat","embeddable":true,"href":"https:\/\/jafep.com\/pt-pt\/wp-json\/wp\/v2\/product_cat?post=1921"},{"taxonomy":"product_tag","embeddable":true,"href":"https:\/\/jafep.com\/pt-pt\/wp-json\/wp\/v2\/product_tag?post=1921"}],"curies":[{"name":"wp","href":"https:\/\/api.w.org\/{rel}","templated":true}]}}