{"id":1913,"date":"2014-06-11T08:54:14","date_gmt":"2014-06-11T08:54:14","guid":{"rendered":"https:\/\/jafep.com\/?post_type=product&#038;p=1913"},"modified":"2023-04-20T10:08:46","modified_gmt":"2023-04-20T10:08:46","slug":"pintura-plastica-mate-extra","status":"publish","type":"product","link":"https:\/\/jafep.com\/pt-pt\/producto\/pintura-plastica-mate-extra\/","title":{"rendered":"Mate Extra Acr\u00edlico"},"content":{"rendered":"<p>Tinta de alta qualidade para interiores e tamb\u00e9m para protec\u00e7\u00e3o exterior. Com acabamento extra mate profundo e muito branco, al\u00e9m de cobertura, lav\u00e1vel e resistente. Ele esconde imperfei\u00e7\u00f5es e tem um baixo pontilhado. <\/p>\n","protected":false},"excerpt":{"rendered":"<p>Tinta Aquosa Mate <\/p>\n","protected":false},"featured_media":82146,"comment_status":"closed","ping_status":"closed","template":"","meta":{"_acf_changed":false,"_links_to":"","_links_to_target":""},"product_brand":[],"product_cat":[1336,1024],"product_tag":[],"class_list":{"0":"post-1913","1":"product","2":"type-product","3":"status-publish","4":"has-post-thumbnail","6":"product_cat-mate-extra-pt-pt","7":"product_cat-pinturas-plasticas-pt-pt","8":"pa_formatos-15l-pt-pt","9":"pa_formatos-4l-pt-pt","10":"pa_formatos-750ml-pt-pt","11":"pa_formatos-8l-pt-pt","12":"pa_herramientas-airless-pt-pt","13":"pa_herramientas-brocha-pt-pt","14":"pa_herramientas-pistola-pt-pt","15":"pa_herramientas-rodillo-pt-pt","16":"pa_herramientas-rodillo-interior-poliamida-de-11mm-pt","17":"pa_herramientas-rodillo-interior-100-microfibra-de-11mm-pt","18":"pa_iconos-33-rendimiento-8-10-m2l-pt-pt","19":"pa_iconos-45-exterior-interior-pt-pt","20":"pa_iconos-50-extra-mate-85o-pt-pt","21":"pa_iconos-61-lavabilidad-nivel-2-pt-pt","22":"pa_iconos-base-agua-pt-pt","23":"pa_iconos-extra-mate-profundo-pt-pt","24":"pa_iconos-mate5-pt-pt","26":"first","27":"instock","28":"shipping-taxable","29":"product-type-simple"},"acf":[],"_links":{"self":[{"href":"https:\/\/jafep.com\/pt-pt\/wp-json\/wp\/v2\/product\/1913","targetHints":{"allow":["GET"]}}],"collection":[{"href":"https:\/\/jafep.com\/pt-pt\/wp-json\/wp\/v2\/product"}],"about":[{"href":"https:\/\/jafep.com\/pt-pt\/wp-json\/wp\/v2\/types\/product"}],"replies":[{"embeddable":true,"href":"https:\/\/jafep.com\/pt-pt\/wp-json\/wp\/v2\/comments?post=1913"}],"wp:featuredmedia":[{"embeddable":true,"href":"https:\/\/jafep.com\/pt-pt\/wp-json\/wp\/v2\/media\/82146"}],"wp:attachment":[{"href":"https:\/\/jafep.com\/pt-pt\/wp-json\/wp\/v2\/media?parent=1913"}],"wp:term":[{"taxonomy":"product_brand","embeddable":true,"href":"https:\/\/jafep.com\/pt-pt\/wp-json\/wp\/v2\/product_brand?post=1913"},{"taxonomy":"product_cat","embeddable":true,"href":"https:\/\/jafep.com\/pt-pt\/wp-json\/wp\/v2\/product_cat?post=1913"},{"taxonomy":"product_tag","embeddable":true,"href":"https:\/\/jafep.com\/pt-pt\/wp-json\/wp\/v2\/product_tag?post=1913"}],"curies":[{"name":"wp","href":"https:\/\/api.w.org\/{rel}","templated":true}]}}