{"id":1902,"date":"2014-06-11T09:48:43","date_gmt":"2016-02-22T14:49:11","guid":{"rendered":"https:\/\/jafep.com\/?post_type=product&#038;p=1902"},"modified":"2023-04-20T11:41:49","modified_gmt":"2023-04-20T11:41:49","slug":"p-p-mate-industrial-tinta-aquosa-mate","status":"publish","type":"product","link":"https:\/\/jafep.com\/pt-pt\/producto\/p-p-mate-industrial-tinta-aquosa-mate\/","title":{"rendered":"Esencial Cl\u00e1sico"},"content":{"rendered":"<p>Tinta aquosa mate \u00e0 base de resinas acr\u00edlicas em dispers\u00e3o aquosa e pigmentos de alta resist\u00eancia e solidez \u00e0 luz, utilizada por pintores profissionais em ambientes internos e tamb\u00e9m aplicada em ambientes externos como protetor de fachadas em condi\u00e7\u00f5es n\u00e3o extremas. De grande brancura e cobertura.<\/p>\n<p>&nbsp; <\/p>\n","protected":false},"excerpt":{"rendered":"<p>Tinta Aquosa Mate <\/p>\n","protected":false},"featured_media":82151,"comment_status":"closed","ping_status":"closed","template":"","meta":{"_acf_changed":false,"_links_to":"","_links_to_target":""},"product_brand":[],"product_cat":[1065,1247,1332,1024],"product_tag":[],"class_list":{"0":"post-1902","1":"product","2":"type-product","3":"status-publish","4":"has-post-thumbnail","6":"product_cat-exteriores-pt-pt","7":"product_cat-interiores-pt-pt","8":"product_cat-mate-esencial-pt-pt","9":"product_cat-pinturas-plasticas-pt-pt","10":"pa_formatos-15l-pt-pt","11":"pa_formatos-4l-pt-pt","12":"pa_formatos-750ml-pt-pt","13":"pa_formatos-8l-pt-pt","14":"pa_herramientas-airless-pt-pt","15":"pa_herramientas-brocha-pt-pt","16":"pa_herramientas-pistola-pt-pt","17":"pa_herramientas-rodillo-pt-pt","18":"pa_herramientas-rodillo-interior-poliamida-de-11mm-pt","19":"pa_herramientas-rodillo-interior-100-microfibra-de-11mm-pt","20":"pa_iconos-45-exterior-interior-pt-pt","21":"pa_iconos-51-mate-60o-pt-pt","22":"pa_iconos-62-lavabilidad-nivel-3-pt-pt","23":"pa_iconos-base-agua-pt-pt","24":"pa_iconos-mate-pt-pt","25":"pa_iconos-mate4-pt-pt","26":"pa_iconos-rendimiento-7-9-m2l-pt-pt","28":"first","29":"instock","30":"shipping-taxable","31":"product-type-simple"},"acf":[],"_links":{"self":[{"href":"https:\/\/jafep.com\/pt-pt\/wp-json\/wp\/v2\/product\/1902","targetHints":{"allow":["GET"]}}],"collection":[{"href":"https:\/\/jafep.com\/pt-pt\/wp-json\/wp\/v2\/product"}],"about":[{"href":"https:\/\/jafep.com\/pt-pt\/wp-json\/wp\/v2\/types\/product"}],"replies":[{"embeddable":true,"href":"https:\/\/jafep.com\/pt-pt\/wp-json\/wp\/v2\/comments?post=1902"}],"wp:featuredmedia":[{"embeddable":true,"href":"https:\/\/jafep.com\/pt-pt\/wp-json\/wp\/v2\/media\/82151"}],"wp:attachment":[{"href":"https:\/\/jafep.com\/pt-pt\/wp-json\/wp\/v2\/media?parent=1902"}],"wp:term":[{"taxonomy":"product_brand","embeddable":true,"href":"https:\/\/jafep.com\/pt-pt\/wp-json\/wp\/v2\/product_brand?post=1902"},{"taxonomy":"product_cat","embeddable":true,"href":"https:\/\/jafep.com\/pt-pt\/wp-json\/wp\/v2\/product_cat?post=1902"},{"taxonomy":"product_tag","embeddable":true,"href":"https:\/\/jafep.com\/pt-pt\/wp-json\/wp\/v2\/product_tag?post=1902"}],"curies":[{"name":"wp","href":"https:\/\/api.w.org\/{rel}","templated":true}]}}