{"id":1886,"date":"2014-06-11T11:38:57","date_gmt":"2014-06-11T11:38:57","guid":{"rendered":"https:\/\/jafep.com\/?post_type=product&#038;p=1886"},"modified":"2025-03-31T13:58:52","modified_gmt":"2025-03-31T13:58:52","slug":"pintura-plastica-satinada-aural-satin-tinta-aquosa-acetinada","status":"publish","type":"product","link":"https:\/\/jafep.com\/pt-pt\/producto\/pintura-plastica-satinada-aural-satin-tinta-aquosa-acetinada\/","title":{"rendered":"Aural Satin Grafeno"},"content":{"rendered":"<p>Revestimento de alta qualidade, feito com resinas de emuls\u00e3o acr\u00edlica. Com brancura, cobertura e performance excepcionais. Para acabamentos perfeitos no exterior. Impermeabiliza fachadas mantendo a sua transpira\u00e7\u00e3o. N\u00e3o amarela, excelente resist\u00eancia ao aquecimento, \u00f3tima ader\u00eancia e baixo odor. Cont\u00e9m aditivos conservantes em sua formula\u00e7\u00e3o para proteger o filme. <\/p>\n","protected":false},"excerpt":{"rendered":"<p>Revestimento Acr\u00edlico Acetinado com Grafeno <\/p>\n","protected":false},"featured_media":82191,"comment_status":"closed","ping_status":"closed","template":"","meta":{"_acf_changed":false,"_links_to":"","_links_to_target":""},"product_brand":[],"product_cat":[1327,1065,1586,1024],"product_tag":[],"class_list":{"0":"post-1886","1":"product","2":"type-product","3":"status-publish","4":"has-post-thumbnail","6":"product_cat-aural-hogar-pt-pt","7":"product_cat-exteriores-pt-pt","8":"product_cat-impermeabilizacao","9":"product_cat-pinturas-plasticas-pt-pt","10":"pa_formatos-15l-pt-pt","11":"pa_formatos-4l-pt-pt","12":"pa_herramientas-airless-pt-pt","13":"pa_herramientas-brocha-pt-pt","14":"pa_herramientas-pistola-pt-pt","15":"pa_herramientas-rodillo-pt-pt","16":"pa_herramientas-rodillo-fachadas-lana-oveja-20mm-pt-pt","17":"pa_herramientas-rodillo-fachadas-poliamida-extra-larga-de-20mm-pt-pt","18":"pa_herramientas-rodillo-fachadas-poliamida-larga-de-19mm-pt-pt","19":"pa_iconos-45-exterior-interior-pt-pt","20":"pa_iconos-60-lavabilidad-nivel-1-pt-pt","21":"pa_iconos-base-agua-pt-pt","22":"pa_iconos-conservante-antimoho-sitema-atmh-pt-pt","23":"pa_iconos-grafeno-pt-pt","24":"pa_iconos-rendimiento-12-16-m2-l-pt-pt","25":"pa_iconos-satinado-pt-pt","27":"first","28":"instock","29":"shipping-taxable","30":"product-type-simple"},"acf":[],"_links":{"self":[{"href":"https:\/\/jafep.com\/pt-pt\/wp-json\/wp\/v2\/product\/1886","targetHints":{"allow":["GET"]}}],"collection":[{"href":"https:\/\/jafep.com\/pt-pt\/wp-json\/wp\/v2\/product"}],"about":[{"href":"https:\/\/jafep.com\/pt-pt\/wp-json\/wp\/v2\/types\/product"}],"replies":[{"embeddable":true,"href":"https:\/\/jafep.com\/pt-pt\/wp-json\/wp\/v2\/comments?post=1886"}],"wp:featuredmedia":[{"embeddable":true,"href":"https:\/\/jafep.com\/pt-pt\/wp-json\/wp\/v2\/media\/82191"}],"wp:attachment":[{"href":"https:\/\/jafep.com\/pt-pt\/wp-json\/wp\/v2\/media?parent=1886"}],"wp:term":[{"taxonomy":"product_brand","embeddable":true,"href":"https:\/\/jafep.com\/pt-pt\/wp-json\/wp\/v2\/product_brand?post=1886"},{"taxonomy":"product_cat","embeddable":true,"href":"https:\/\/jafep.com\/pt-pt\/wp-json\/wp\/v2\/product_cat?post=1886"},{"taxonomy":"product_tag","embeddable":true,"href":"https:\/\/jafep.com\/pt-pt\/wp-json\/wp\/v2\/product_tag?post=1886"}],"curies":[{"name":"wp","href":"https:\/\/api.w.org\/{rel}","templated":true}]}}