{"id":1877,"date":"2014-06-12T08:10:30","date_gmt":"2014-06-12T08:10:30","guid":{"rendered":"https:\/\/jafep.com\/?post_type=product&#038;p=1877"},"modified":"2023-04-25T07:49:47","modified_gmt":"2023-04-25T07:49:47","slug":"revestimento-liso-petrex-5-tinta-para-exterior","status":"publish","type":"product","link":"https:\/\/jafep.com\/pt-pt\/producto\/revestimento-liso-petrex-5-tinta-para-exterior\/","title":{"rendered":"Revestimento Liso P\u00e9trex 5"},"content":{"rendered":"<p>P\u00e9trex 5 Revestimento Liso \u00e9 um protetor p\u00e9treo baseado en emuls\u00e3o de copol\u00edmeros acr\u00edlicos para paredes exteriores. \u00c9 imperme\u00e1vel e lav\u00e1vel. De grande resist\u00eancia \u00e0 intemp\u00e9rie, ao salitre e \u00e0 abras\u00e3o. A qualidade da sua emuls\u00e3o impermeabiliza a fachada mantendo a correta transpirabilidade. Possui uma boa cobertura e rendimento. Impermeabiliza a fachada. <\/p>\n","protected":false},"excerpt":{"rendered":"<p>Revestimento P\u00e9treo Acr\u00edlico <\/p>\n","protected":false},"featured_media":82221,"comment_status":"closed","ping_status":"closed","template":"","meta":{"_acf_changed":false,"_links_to":"","_links_to_target":""},"product_brand":[],"product_cat":[1571,1565,1068,1065,1247,509,1066,1067,1380,1557],"product_tag":[],"class_list":{"0":"post-1877","1":"product","2":"type-product","3":"status-publish","4":"has-post-thumbnail","6":"product_cat-acabamento-mate","7":"product_cat-decorar-pintar-pt-pt","8":"product_cat-sate-pt-pt","9":"product_cat-exteriores-pt-pt","10":"product_cat-interiores-pt-pt","11":"product_cat-petrex-5-pt-pt","12":"product_cat-fachadas-pt-pt","13":"product_cat-reparar-fachadas-pt-pt","14":"product_cat-tintas-para-fachadas","15":"product_cat-zonas-pouco-humidas","16":"pa_formatos-15l-pt-pt","17":"pa_formatos-4l-pt-pt","18":"pa_herramientas-airless-pt-pt","19":"pa_herramientas-brocha-pt-pt","20":"pa_herramientas-pistola-pt-pt","21":"pa_herramientas-rodillo-pt-pt","22":"pa_herramientas-rodillo-fachadas-lana-oveja-20mm-pt-pt","23":"pa_herramientas-rodillo-fachadas-poliamida-extra-larga-de-20mm-pt-pt","24":"pa_herramientas-rodillo-fachadas-poliamida-larga-de-19mm-pt-pt","25":"pa_iconos-51-mate-60o-pt-pt","26":"pa_iconos-61-lavabilidad-nivel-2-pt-pt","27":"pa_iconos-base-agua-pt-pt","28":"pa_iconos-cartacolores","29":"pa_iconos-ce-pt-pt","30":"pa_iconos-ce-etag-004-pt-pt","31":"pa_iconos-cidemco-pt-pt","32":"pa_iconos-exterior-pt-pt","33":"pa_iconos-ince-pt-pt","34":"pa_iconos-mate-pt-pt","35":"pa_iconos-b-s1d0-pt-pt","36":"pa_iconos-rendimiento-de-8-12-m2l-pt-pt","38":"first","39":"instock","40":"shipping-taxable","41":"product-type-simple"},"acf":[],"_links":{"self":[{"href":"https:\/\/jafep.com\/pt-pt\/wp-json\/wp\/v2\/product\/1877","targetHints":{"allow":["GET"]}}],"collection":[{"href":"https:\/\/jafep.com\/pt-pt\/wp-json\/wp\/v2\/product"}],"about":[{"href":"https:\/\/jafep.com\/pt-pt\/wp-json\/wp\/v2\/types\/product"}],"replies":[{"embeddable":true,"href":"https:\/\/jafep.com\/pt-pt\/wp-json\/wp\/v2\/comments?post=1877"}],"wp:featuredmedia":[{"embeddable":true,"href":"https:\/\/jafep.com\/pt-pt\/wp-json\/wp\/v2\/media\/82221"}],"wp:attachment":[{"href":"https:\/\/jafep.com\/pt-pt\/wp-json\/wp\/v2\/media?parent=1877"}],"wp:term":[{"taxonomy":"product_brand","embeddable":true,"href":"https:\/\/jafep.com\/pt-pt\/wp-json\/wp\/v2\/product_brand?post=1877"},{"taxonomy":"product_cat","embeddable":true,"href":"https:\/\/jafep.com\/pt-pt\/wp-json\/wp\/v2\/product_cat?post=1877"},{"taxonomy":"product_tag","embeddable":true,"href":"https:\/\/jafep.com\/pt-pt\/wp-json\/wp\/v2\/product_tag?post=1877"}],"curies":[{"name":"wp","href":"https:\/\/api.w.org\/{rel}","templated":true}]}}