{"id":1854,"date":"2014-06-12T10:06:57","date_gmt":"2016-02-22T07:43:40","guid":{"rendered":"https:\/\/jafep.com\/?post_type=product&#038;p=1854"},"modified":"2023-04-24T07:08:06","modified_gmt":"2023-04-24T07:08:06","slug":"tinta-plastica-mate-stilo","status":"publish","type":"product","link":"https:\/\/jafep.com\/pt-pt\/producto\/tinta-plastica-mate-stilo\/","title":{"rendered":"Jafep Stilo"},"content":{"rendered":"<p class=\"MsoBodyText\" style=\"margin-left: 14.2pt;text-align: left\">Tinta aquosa acr\u00edlica de excelente qualidade para todo o tipo de trabalhos de decora\u00e7\u00e3o, restauro e manuten\u00e7\u00e3o de interiores que exijam boa lavabilidade e resist\u00eancia \u00e0 fric\u00e7\u00e3o. Pode ser encontrado em diversos tons de cores.<\/p>\n","protected":false},"excerpt":{"rendered":"<p>Tinta aquosa acr\u00edlica mate <\/p>\n","protected":false},"featured_media":82226,"comment_status":"closed","ping_status":"closed","template":"","meta":{"_acf_changed":false,"_links_to":"","_links_to_target":""},"product_brand":[],"product_cat":[1571,500,1565,1247,1024],"product_tag":[],"class_list":{"0":"post-1854","1":"product","2":"type-product","3":"status-publish","4":"has-post-thumbnail","6":"product_cat-acabamento-mate","7":"product_cat-decoracao-de-interiores-stilo","8":"product_cat-decorar-pintar-pt-pt","9":"product_cat-interiores-pt-pt","10":"product_cat-pinturas-plasticas-pt-pt","11":"pa_formatos-15l-pt-pt","12":"pa_formatos-4l-pt-pt","13":"pa_formatos-750ml-pt-pt","14":"pa_herramientas-airless-pt-pt","15":"pa_herramientas-brocha-pt-pt","16":"pa_herramientas-brocha-esmalte-barniz-acrilico-microfibra-pt-pt","17":"pa_herramientas-pistola-pt-pt","18":"pa_herramientas-rodillo-pt-pt","19":"pa_herramientas-rodillo-interior-poliamida-de-11mm-pt","20":"pa_herramientas-rodillo-interior-100-microfibra-de-11mm-pt","21":"pa_iconos-33-rendimiento-8-10-m2l-pt-pt","22":"pa_iconos-45-exterior-interior-pt-pt","23":"pa_iconos-51-mate-60o-pt-pt","24":"pa_iconos-62-lavabilidad-nivel-3-pt-pt","25":"pa_iconos-base-agua-pt-pt","26":"pa_iconos-cartacolores","27":"pa_iconos-mate-pt-pt","28":"pa_iconos-mate2-5-pt-pt","30":"first","31":"instock","32":"shipping-taxable","33":"product-type-simple"},"acf":[],"_links":{"self":[{"href":"https:\/\/jafep.com\/pt-pt\/wp-json\/wp\/v2\/product\/1854","targetHints":{"allow":["GET"]}}],"collection":[{"href":"https:\/\/jafep.com\/pt-pt\/wp-json\/wp\/v2\/product"}],"about":[{"href":"https:\/\/jafep.com\/pt-pt\/wp-json\/wp\/v2\/types\/product"}],"replies":[{"embeddable":true,"href":"https:\/\/jafep.com\/pt-pt\/wp-json\/wp\/v2\/comments?post=1854"}],"wp:featuredmedia":[{"embeddable":true,"href":"https:\/\/jafep.com\/pt-pt\/wp-json\/wp\/v2\/media\/82226"}],"wp:attachment":[{"href":"https:\/\/jafep.com\/pt-pt\/wp-json\/wp\/v2\/media?parent=1854"}],"wp:term":[{"taxonomy":"product_brand","embeddable":true,"href":"https:\/\/jafep.com\/pt-pt\/wp-json\/wp\/v2\/product_brand?post=1854"},{"taxonomy":"product_cat","embeddable":true,"href":"https:\/\/jafep.com\/pt-pt\/wp-json\/wp\/v2\/product_cat?post=1854"},{"taxonomy":"product_tag","embeddable":true,"href":"https:\/\/jafep.com\/pt-pt\/wp-json\/wp\/v2\/product_tag?post=1854"}],"curies":[{"name":"wp","href":"https:\/\/api.w.org\/{rel}","templated":true}]}}