{"id":1848,"date":"2014-06-12T10:22:24","date_gmt":"2016-02-22T07:36:28","guid":{"rendered":"https:\/\/jafep.com\/?post_type=product&#038;p=1848"},"modified":"2023-04-24T07:15:23","modified_gmt":"2023-04-24T07:15:23","slug":"tinta-plastica-mate-interior-jafep-sitlo-uma-demao","status":"publish","type":"product","link":"https:\/\/jafep.com\/pt-pt\/producto\/tinta-plastica-mate-interior-jafep-sitlo-uma-demao\/","title":{"rendered":"Jafep Stilo Uma Dem\u00e3o"},"content":{"rendered":"<p>Tinta aquosa acr\u00edlica mate pronta a usar de excelente qualidade e alta cobertura, especialmente concebida para obter acabamentos em diferentes tonalidades de cor para todos os tipos de trabalhos de decora\u00e7\u00e3o, restaura\u00e7\u00e3o e manuten\u00e7\u00e3o de interiores, com poucos salpicos e que exijam boa lavabilidade e resist\u00eancia \u00e0 fric\u00e7\u00e3o. <\/p>\n","protected":false},"excerpt":{"rendered":"<p>Tinta aquosa acr\u00edlica mate <\/p>\n","protected":false},"featured_media":82231,"comment_status":"closed","ping_status":"closed","template":"","meta":{"_acf_changed":false,"_links_to":"","_links_to_target":""},"product_brand":[],"product_cat":[1571,500,1565,1247,1024],"product_tag":[],"class_list":{"0":"post-1848","1":"product","2":"type-product","3":"status-publish","4":"has-post-thumbnail","6":"product_cat-acabamento-mate","7":"product_cat-decoracao-de-interiores-stilo","8":"product_cat-decorar-pintar-pt-pt","9":"product_cat-interiores-pt-pt","10":"product_cat-pinturas-plasticas-pt-pt","11":"pa_formatos-4l-pt-pt","12":"pa_herramientas-airless-pt-pt","13":"pa_herramientas-brocha-pt-pt","14":"pa_herramientas-brocha-esmalte-barniz-acrilico-microfibra-pt-pt","15":"pa_herramientas-pistola-pt-pt","16":"pa_herramientas-rodillo-pt-pt","17":"pa_herramientas-rodillo-interior-poliamida-de-11mm-pt","18":"pa_herramientas-rodillo-interior-100-microfibra-de-11mm-pt","19":"pa_iconos-30-rendimiento-12-14-m2-pt-pt","20":"pa_iconos-45-exterior-interior-pt-pt","21":"pa_iconos-51-mate-60o-pt-pt","22":"pa_iconos-62-lavabilidad-nivel-3-pt-pt","23":"pa_iconos-base-agua-pt-pt","24":"pa_iconos-cartacolores","25":"pa_iconos-mate-pt-pt","26":"pa_iconos-mate2-5-pt-pt","28":"first","29":"instock","30":"shipping-taxable","31":"product-type-simple"},"acf":[],"_links":{"self":[{"href":"https:\/\/jafep.com\/pt-pt\/wp-json\/wp\/v2\/product\/1848","targetHints":{"allow":["GET"]}}],"collection":[{"href":"https:\/\/jafep.com\/pt-pt\/wp-json\/wp\/v2\/product"}],"about":[{"href":"https:\/\/jafep.com\/pt-pt\/wp-json\/wp\/v2\/types\/product"}],"replies":[{"embeddable":true,"href":"https:\/\/jafep.com\/pt-pt\/wp-json\/wp\/v2\/comments?post=1848"}],"wp:featuredmedia":[{"embeddable":true,"href":"https:\/\/jafep.com\/pt-pt\/wp-json\/wp\/v2\/media\/82231"}],"wp:attachment":[{"href":"https:\/\/jafep.com\/pt-pt\/wp-json\/wp\/v2\/media?parent=1848"}],"wp:term":[{"taxonomy":"product_brand","embeddable":true,"href":"https:\/\/jafep.com\/pt-pt\/wp-json\/wp\/v2\/product_brand?post=1848"},{"taxonomy":"product_cat","embeddable":true,"href":"https:\/\/jafep.com\/pt-pt\/wp-json\/wp\/v2\/product_cat?post=1848"},{"taxonomy":"product_tag","embeddable":true,"href":"https:\/\/jafep.com\/pt-pt\/wp-json\/wp\/v2\/product_tag?post=1848"}],"curies":[{"name":"wp","href":"https:\/\/api.w.org\/{rel}","templated":true}]}}