{"id":1841,"date":"2014-06-12T10:43:28","date_gmt":"2016-02-22T07:27:02","guid":{"rendered":"https:\/\/jafep.com\/?post_type=product&#038;p=1841"},"modified":"2023-04-24T08:25:32","modified_gmt":"2023-04-24T08:25:32","slug":"pintura-plastica-picado-pinkel","status":"publish","type":"product","link":"https:\/\/jafep.com\/pt-pt\/producto\/pintura-plastica-picado-pinkel\/","title":{"rendered":"Pinkel"},"content":{"rendered":"<p>Tinta pl\u00e1stica para interiores, de acabamento muito branco e suave. Com boa resist\u00eancia e lavabilidade. Especial para obter com um s\u00f3 produto acabamentos decorativos em relevo: picados, raiados, serapilheira. <\/p>\n","protected":false},"excerpt":{"rendered":"<p>Tinta pl\u00e1stica Aquosa <\/p>\n","protected":false},"featured_media":82236,"comment_status":"closed","ping_status":"closed","template":"","meta":{"_acf_changed":false,"_links_to":"","_links_to_target":""},"product_brand":[],"product_cat":[1024,516],"product_tag":[],"class_list":{"0":"post-1841","1":"product","2":"type-product","3":"status-publish","4":"has-post-thumbnail","6":"product_cat-pinturas-plasticas-pt-pt","7":"product_cat-usos-especiais","8":"pa_formatos-25kg","9":"pa_formatos-5kg-pt-pt","10":"pa_herramientas-brocha-pt-pt","11":"pa_herramientas-rodillo-pt-pt","12":"pa_herramientas-rodillo-esmalte-barniz-sintetico-y-acrilico-100-espuma-densidad-60-pt-pt","13":"pa_iconos-1-m2-l-pt-pt","14":"pa_iconos-40-brocha-rodillo-pt-pt","15":"pa_iconos-46-interior-pt-pt","16":"pa_iconos-51-mate-60o-pt-pt","17":"pa_iconos-base-agua-pt-pt","18":"pa_iconos-mate-pt-pt","20":"first","21":"instock","22":"shipping-taxable","23":"product-type-simple"},"acf":[],"_links":{"self":[{"href":"https:\/\/jafep.com\/pt-pt\/wp-json\/wp\/v2\/product\/1841","targetHints":{"allow":["GET"]}}],"collection":[{"href":"https:\/\/jafep.com\/pt-pt\/wp-json\/wp\/v2\/product"}],"about":[{"href":"https:\/\/jafep.com\/pt-pt\/wp-json\/wp\/v2\/types\/product"}],"replies":[{"embeddable":true,"href":"https:\/\/jafep.com\/pt-pt\/wp-json\/wp\/v2\/comments?post=1841"}],"wp:featuredmedia":[{"embeddable":true,"href":"https:\/\/jafep.com\/pt-pt\/wp-json\/wp\/v2\/media\/82236"}],"wp:attachment":[{"href":"https:\/\/jafep.com\/pt-pt\/wp-json\/wp\/v2\/media?parent=1841"}],"wp:term":[{"taxonomy":"product_brand","embeddable":true,"href":"https:\/\/jafep.com\/pt-pt\/wp-json\/wp\/v2\/product_brand?post=1841"},{"taxonomy":"product_cat","embeddable":true,"href":"https:\/\/jafep.com\/pt-pt\/wp-json\/wp\/v2\/product_cat?post=1841"},{"taxonomy":"product_tag","embeddable":true,"href":"https:\/\/jafep.com\/pt-pt\/wp-json\/wp\/v2\/product_tag?post=1841"}],"curies":[{"name":"wp","href":"https:\/\/api.w.org\/{rel}","templated":true}]}}