{"id":1811,"date":"2014-06-13T08:06:49","date_gmt":"2016-02-19T15:56:45","guid":{"rendered":"https:\/\/jafep.com\/?post_type=product&#038;p=1811"},"modified":"2023-04-20T06:58:38","modified_gmt":"2023-04-20T06:58:38","slug":"pintura-antimanchas-de-acabado-sin-olor","status":"publish","type":"product","link":"https:\/\/jafep.com\/pt-pt\/producto\/pintura-antimanchas-de-acabado-sin-olor\/","title":{"rendered":"Tinta Anti-manchas de acabamento &#8220;Sem Odor&#8221;"},"content":{"rendered":"<p>Tinta feita de resinas alqu\u00eddicas especiais, que devido \u00e0 sua natureza tixotr\u00f3pica, forma uma pel\u00edcula que isola as manchas da humidade, \u00f3xidos, fumo, etc. \u00c9 um produto a ser aplicado como acabamento e nenhum outro produto deve ser utilizado posteriormente. <\/p>\n","protected":false},"excerpt":{"rendered":"<p>Tinta anti-manchas diluente <\/p>\n","protected":false},"featured_media":82281,"comment_status":"closed","ping_status":"closed","template":"","meta":{"_acf_changed":false,"_links_to":"","_links_to_target":""},"product_brand":[],"product_cat":[1310,1313,1517,454,466],"product_tag":[],"class_list":{"0":"post-1811","1":"product","2":"type-product","3":"status-publish","4":"has-post-thumbnail","6":"product_cat-esmaltes-primarios-e-selantes","7":"product_cat-linha-anti-humidade","8":"product_cat-manchas-pt-pt","9":"product_cat-sub-capas","10":"product_cat-tintas-de-base-de-solvente","11":"pa_formatos-15l-pt-pt","12":"pa_formatos-4l-pt-pt","13":"pa_formatos-750ml-pt-pt","14":"pa_herramientas-brocha-pt-pt","15":"pa_herramientas-rodillo-pt-pt","16":"pa_iconos-2-base-solvente-pt-pt","17":"pa_iconos-40-brocha-rodillo-pt-pt","18":"pa_iconos-46-interior-pt-pt","19":"pa_iconos-mate-pt-pt","20":"pa_iconos-rendimiento-14-17-m2-l-pt-pt","22":"first","23":"instock","24":"shipping-taxable","25":"product-type-simple"},"acf":[],"_links":{"self":[{"href":"https:\/\/jafep.com\/pt-pt\/wp-json\/wp\/v2\/product\/1811","targetHints":{"allow":["GET"]}}],"collection":[{"href":"https:\/\/jafep.com\/pt-pt\/wp-json\/wp\/v2\/product"}],"about":[{"href":"https:\/\/jafep.com\/pt-pt\/wp-json\/wp\/v2\/types\/product"}],"replies":[{"embeddable":true,"href":"https:\/\/jafep.com\/pt-pt\/wp-json\/wp\/v2\/comments?post=1811"}],"wp:featuredmedia":[{"embeddable":true,"href":"https:\/\/jafep.com\/pt-pt\/wp-json\/wp\/v2\/media\/82281"}],"wp:attachment":[{"href":"https:\/\/jafep.com\/pt-pt\/wp-json\/wp\/v2\/media?parent=1811"}],"wp:term":[{"taxonomy":"product_brand","embeddable":true,"href":"https:\/\/jafep.com\/pt-pt\/wp-json\/wp\/v2\/product_brand?post=1811"},{"taxonomy":"product_cat","embeddable":true,"href":"https:\/\/jafep.com\/pt-pt\/wp-json\/wp\/v2\/product_cat?post=1811"},{"taxonomy":"product_tag","embeddable":true,"href":"https:\/\/jafep.com\/pt-pt\/wp-json\/wp\/v2\/product_tag?post=1811"}],"curies":[{"name":"wp","href":"https:\/\/api.w.org\/{rel}","templated":true}]}}