{"id":1806,"date":"2014-06-13T08:35:52","date_gmt":"2016-02-19T15:49:41","guid":{"rendered":"https:\/\/jafep.com\/?post_type=product&#038;p=1806"},"modified":"2023-04-26T08:42:00","modified_gmt":"2023-04-26T08:42:00","slug":"sellacryl-con-sistema-atmh","status":"publish","type":"product","link":"https:\/\/jafep.com\/pt-pt\/producto\/sellacryl-con-sistema-atmh\/","title":{"rendered":"Sellacryl com sistema ATMH (Prote\u00e7\u00e3o Anti-Fungos)"},"content":{"rendered":"<p>Emuls\u00e3o aquosa pronta a usar de uma resina acr\u00edlica e um conservante fungicida\/algaicida altamente eficaz para impedir o desenvolvimento de microrganismos nas tintas pl\u00e1sticas ou revestimentos de topo a aplicar. <\/p>\n","protected":false},"excerpt":{"rendered":"<p>Selador acr\u00edlico <\/p>\n","protected":false},"featured_media":82286,"comment_status":"closed","ping_status":"closed","template":"","meta":{"_acf_changed":false,"_links_to":"","_links_to_target":""},"product_brand":[],"product_cat":[1469,1245,1246,1516,1313,469,1588],"product_tag":[],"class_list":{"0":"post-1806","1":"product","2":"type-product","3":"status-publish","4":"has-post-thumbnail","6":"product_cat-antes-de-pintar-pt","7":"product_cat-antes-de-pintar-interiores-pt-pt","8":"product_cat-before-paint-pt-pt","9":"product_cat-humidade","10":"product_cat-linha-anti-humidade","11":"product_cat-preparacoes-de-agua","12":"product_cat-zonas-muito-humidas","13":"pa_formatos-4l-pt-pt","14":"pa_formatos-750ml-pt-pt","15":"pa_formatos-8l-pt-pt","16":"pa_herramientas-airless-pt-pt","17":"pa_herramientas-brocha-pt-pt","18":"pa_herramientas-pistola-pt-pt","19":"pa_herramientas-rodillo-pt-pt","20":"pa_iconos-38-rendimiento-de-10-15-m2l-pt-pt","21":"pa_iconos-45-exterior-interior-pt-pt","22":"pa_iconos-base-agua-pt-pt","23":"pa_iconos-conservante-antimoho-sitema-atmh-pt-pt","24":"pa_iconos-listo-al-uso-pt-pt","26":"first","27":"instock","28":"shipping-taxable","29":"product-type-simple"},"acf":[],"_links":{"self":[{"href":"https:\/\/jafep.com\/pt-pt\/wp-json\/wp\/v2\/product\/1806","targetHints":{"allow":["GET"]}}],"collection":[{"href":"https:\/\/jafep.com\/pt-pt\/wp-json\/wp\/v2\/product"}],"about":[{"href":"https:\/\/jafep.com\/pt-pt\/wp-json\/wp\/v2\/types\/product"}],"replies":[{"embeddable":true,"href":"https:\/\/jafep.com\/pt-pt\/wp-json\/wp\/v2\/comments?post=1806"}],"wp:featuredmedia":[{"embeddable":true,"href":"https:\/\/jafep.com\/pt-pt\/wp-json\/wp\/v2\/media\/82286"}],"wp:attachment":[{"href":"https:\/\/jafep.com\/pt-pt\/wp-json\/wp\/v2\/media?parent=1806"}],"wp:term":[{"taxonomy":"product_brand","embeddable":true,"href":"https:\/\/jafep.com\/pt-pt\/wp-json\/wp\/v2\/product_brand?post=1806"},{"taxonomy":"product_cat","embeddable":true,"href":"https:\/\/jafep.com\/pt-pt\/wp-json\/wp\/v2\/product_cat?post=1806"},{"taxonomy":"product_tag","embeddable":true,"href":"https:\/\/jafep.com\/pt-pt\/wp-json\/wp\/v2\/product_tag?post=1806"}],"curies":[{"name":"wp","href":"https:\/\/api.w.org\/{rel}","templated":true}]}}