{"id":1795,"date":"2014-06-13T09:30:12","date_gmt":"2014-06-13T09:30:12","guid":{"rendered":"https:\/\/jafep.com\/?post_type=product&#038;p=1795"},"modified":"2023-04-05T10:59:04","modified_gmt":"2023-04-05T10:59:04","slug":"jafecol-emulsion-flexible-acrilica-emulsao-acrilica-flexivel","status":"publish","type":"product","link":"https:\/\/jafep.com\/pt-pt\/producto\/jafecol-emulsion-flexible-acrilica-emulsao-acrilica-flexivel\/","title":{"rendered":"Jafecol Emuls\u00e3o Acr\u00edlica Flex\u00edvel"},"content":{"rendered":"<p>L\u00e1tex \u00e0 base de resinas acr\u00edlicas, muito flex\u00edvel e altamente resistente \u00e0 \u00e1gua. Insaponific\u00e1vel e portanto compat\u00edvel com cimentos. Convenientemente misturado com cimento tipo Portland, sozinho ou com areia, forma um excelente revestimento ou membrana impermeabilizante, altamente el\u00e1stico e com extraordin\u00e1ria ader\u00eancia a superf\u00edcies dif\u00edceis. <\/p>\n","protected":false},"excerpt":{"rendered":"<p>Revestimento Impermeabilizante <\/p>\n","protected":false},"featured_media":82296,"comment_status":"closed","ping_status":"closed","template":"","meta":{"_acf_changed":false,"_links_to":"","_links_to_target":""},"product_brand":[],"product_cat":[1475,1313,469],"product_tag":[],"class_list":{"0":"post-1795","1":"product","2":"type-product","3":"status-publish","4":"has-post-thumbnail","6":"product_cat-filtracoes","7":"product_cat-linha-anti-humidade","8":"product_cat-preparacoes-de-agua","9":"pa_formatos-15l-pt-pt","10":"pa_formatos-1l-pt-pt","11":"pa_formatos-4l-pt-pt","12":"pa_herramientas-brocha-pt-pt","13":"pa_herramientas-llana-pt","14":"pa_herramientas-rodillo-pt-pt","15":"pa_iconos-41-brocha-rodillo-pistola-pt-pt","16":"pa_iconos-base-agua-pt-pt","17":"pa_iconos-elongacion-pt-pt","18":"pa_iconos-rendimiento-6-8-m2l-pt-pt","20":"first","21":"instock","22":"shipping-taxable","23":"product-type-simple"},"acf":[],"_links":{"self":[{"href":"https:\/\/jafep.com\/pt-pt\/wp-json\/wp\/v2\/product\/1795","targetHints":{"allow":["GET"]}}],"collection":[{"href":"https:\/\/jafep.com\/pt-pt\/wp-json\/wp\/v2\/product"}],"about":[{"href":"https:\/\/jafep.com\/pt-pt\/wp-json\/wp\/v2\/types\/product"}],"replies":[{"embeddable":true,"href":"https:\/\/jafep.com\/pt-pt\/wp-json\/wp\/v2\/comments?post=1795"}],"wp:featuredmedia":[{"embeddable":true,"href":"https:\/\/jafep.com\/pt-pt\/wp-json\/wp\/v2\/media\/82296"}],"wp:attachment":[{"href":"https:\/\/jafep.com\/pt-pt\/wp-json\/wp\/v2\/media?parent=1795"}],"wp:term":[{"taxonomy":"product_brand","embeddable":true,"href":"https:\/\/jafep.com\/pt-pt\/wp-json\/wp\/v2\/product_brand?post=1795"},{"taxonomy":"product_cat","embeddable":true,"href":"https:\/\/jafep.com\/pt-pt\/wp-json\/wp\/v2\/product_cat?post=1795"},{"taxonomy":"product_tag","embeddable":true,"href":"https:\/\/jafep.com\/pt-pt\/wp-json\/wp\/v2\/product_tag?post=1795"}],"curies":[{"name":"wp","href":"https:\/\/api.w.org\/{rel}","templated":true}]}}