{"id":1788,"date":"2015-07-30T14:49:09","date_gmt":"2016-02-19T15:22:06","guid":{"rendered":"https:\/\/jafep.com\/?post_type=product&#038;p=1788"},"modified":"2023-08-08T11:32:05","modified_gmt":"2023-08-08T11:32:05","slug":"dissolvente-sintetico","status":"publish","type":"product","link":"https:\/\/jafep.com\/pt-pt\/producto\/dissolvente-sintetico\/","title":{"rendered":"Solvente Sint\u00e9tico"},"content":{"rendered":"<p>Solvente a base de uma combina\u00e7\u00e3o de hidrocarbonetos <\/p>\n","protected":false},"excerpt":{"rendered":"<p>Solvente a base de uma combina\u00e7\u00e3o de hidrocarbonetos<\/p>\n","protected":false},"featured_media":82306,"comment_status":"closed","ping_status":"closed","template":"","meta":{"_acf_changed":false,"_links_to":"","_links_to_target":""},"product_brand":[],"product_cat":[1470,1307],"product_tag":[],"class_list":{"0":"post-1788","1":"product","2":"type-product","3":"status-publish","4":"has-post-thumbnail","6":"product_cat-diluentes-pt-pt-2","7":"product_cat-diluentes-pt-pt","8":"pa_formatos-1l-pt-pt","9":"pa_formatos-25l-pt-pt","10":"pa_formatos-5l-pt-pt","11":"pa_iconos-2-base-solvente-pt-pt","13":"first","14":"instock","15":"shipping-taxable","16":"product-type-simple"},"acf":[],"_links":{"self":[{"href":"https:\/\/jafep.com\/pt-pt\/wp-json\/wp\/v2\/product\/1788","targetHints":{"allow":["GET"]}}],"collection":[{"href":"https:\/\/jafep.com\/pt-pt\/wp-json\/wp\/v2\/product"}],"about":[{"href":"https:\/\/jafep.com\/pt-pt\/wp-json\/wp\/v2\/types\/product"}],"replies":[{"embeddable":true,"href":"https:\/\/jafep.com\/pt-pt\/wp-json\/wp\/v2\/comments?post=1788"}],"wp:featuredmedia":[{"embeddable":true,"href":"https:\/\/jafep.com\/pt-pt\/wp-json\/wp\/v2\/media\/82306"}],"wp:attachment":[{"href":"https:\/\/jafep.com\/pt-pt\/wp-json\/wp\/v2\/media?parent=1788"}],"wp:term":[{"taxonomy":"product_brand","embeddable":true,"href":"https:\/\/jafep.com\/pt-pt\/wp-json\/wp\/v2\/product_brand?post=1788"},{"taxonomy":"product_cat","embeddable":true,"href":"https:\/\/jafep.com\/pt-pt\/wp-json\/wp\/v2\/product_cat?post=1788"},{"taxonomy":"product_tag","embeddable":true,"href":"https:\/\/jafep.com\/pt-pt\/wp-json\/wp\/v2\/product_tag?post=1788"}],"curies":[{"name":"wp","href":"https:\/\/api.w.org\/{rel}","templated":true}]}}