{"id":1783,"date":"2016-02-19T15:17:45","date_gmt":"2016-02-19T15:17:45","guid":{"rendered":"https:\/\/jafep.com\/?post_type=product&#038;p=1783"},"modified":"2025-03-28T11:56:21","modified_gmt":"2025-03-28T11:56:21","slug":"acrimar-esmalte-acrilico-al-agua-esmalte-acrilico-aquoso-2","status":"publish","type":"product","link":"https:\/\/jafep.com\/pt-pt\/producto\/acrimar-esmalte-acrilico-al-agua-esmalte-acrilico-aquoso-2\/","title":{"rendered":"ACRIMAR. ESMALTE ACR\u00cdLICO AL AGUA (Esmalte acr\u00edlico aquoso)"},"content":{"rendered":"<p>Esmalte acr\u00edlico baseado em \u00e1gua de f\u00e1cil aplica\u00e7\u00e3o e muito bom nivelamento. Lav\u00e1vel, inodoro, n\u00e3o inflam\u00e1vel e ecol\u00f3gico. N\u00e3o fica amarela. Oferece uma extraordin\u00e1ria dureza e resist\u00eancia \u00e0s ro\u00e7aduras.<\/p>\n","protected":false},"excerpt":{"rendered":"<p>Esmalte acr\u00edlico baseado em \u00e1gua de f\u00e1cil aplica\u00e7\u00e3o e muito bom nivelamento. Lav\u00e1vel, inodoro, n\u00e3o inflam\u00e1vel e ecol\u00f3gico. N\u00e3o fica amarela. Oferece uma extraordin\u00e1ria dureza e resist\u00eancia \u00e0s ro\u00e7aduras.<\/p>\n","protected":false},"featured_media":0,"comment_status":"closed","ping_status":"closed","template":"","meta":{"_acf_changed":false,"_links_to":"","_links_to_target":""},"product_brand":[],"product_cat":[27],"product_tag":[],"class_list":{"0":"post-1783","1":"product","2":"type-product","3":"status-publish","5":"product_cat-esmaltes-imprimaciones-y-selladoras","6":"pa_herramientas-brocha-esmalte-barniz-acrilico-microfibra-pt-pt","8":"first","9":"instock","10":"shipping-taxable","11":"product-type-simple"},"acf":[],"_links":{"self":[{"href":"https:\/\/jafep.com\/pt-pt\/wp-json\/wp\/v2\/product\/1783","targetHints":{"allow":["GET"]}}],"collection":[{"href":"https:\/\/jafep.com\/pt-pt\/wp-json\/wp\/v2\/product"}],"about":[{"href":"https:\/\/jafep.com\/pt-pt\/wp-json\/wp\/v2\/types\/product"}],"replies":[{"embeddable":true,"href":"https:\/\/jafep.com\/pt-pt\/wp-json\/wp\/v2\/comments?post=1783"}],"wp:attachment":[{"href":"https:\/\/jafep.com\/pt-pt\/wp-json\/wp\/v2\/media?parent=1783"}],"wp:term":[{"taxonomy":"product_brand","embeddable":true,"href":"https:\/\/jafep.com\/pt-pt\/wp-json\/wp\/v2\/product_brand?post=1783"},{"taxonomy":"product_cat","embeddable":true,"href":"https:\/\/jafep.com\/pt-pt\/wp-json\/wp\/v2\/product_cat?post=1783"},{"taxonomy":"product_tag","embeddable":true,"href":"https:\/\/jafep.com\/pt-pt\/wp-json\/wp\/v2\/product_tag?post=1783"}],"curies":[{"name":"wp","href":"https:\/\/api.w.org\/{rel}","templated":true}]}}