{"id":1775,"date":"2015-07-31T14:17:47","date_gmt":"2016-02-19T15:07:17","guid":{"rendered":"https:\/\/jafep.com\/?post_type=product&#038;p=1775"},"modified":"2023-04-19T10:35:35","modified_gmt":"2023-04-19T10:35:35","slug":"imprimacion-antioxidante-en-base-agua","status":"publish","type":"product","link":"https:\/\/jafep.com\/pt-pt\/producto\/imprimacion-antioxidante-en-base-agua\/","title":{"rendered":"Prim\u00e1rio Antioxidante Aquoso"},"content":{"rendered":"<p>Prim\u00e1rio anticorrosivo \u00e0 base de pigmentos espec\u00edficos e resinas especiais, com excelente ader\u00eancia e repint\u00e1vel com todos os tipos de tintas.<\/p>\n<p>Livre de componentes t\u00f3xicos e odor agrad\u00e1vel.<\/p>\n<p>&nbsp; <\/p>\n","protected":false},"excerpt":{"rendered":"<p>Prim\u00e1rio anticorrosivo \u00e0 base de pigmentos espec\u00edficos e resinas especiais, com excelente ader\u00eancia e repint\u00e1vel com todos os tipos de tintas. Livre de componentes t\u00f3xicos e odor agrad\u00e1vel. &nbsp;<\/p>\n","protected":false},"featured_media":82311,"comment_status":"closed","ping_status":"closed","template":"","meta":{"_acf_changed":false,"_links_to":"","_links_to_target":""},"product_brand":[],"product_cat":[1310,1472,451,787],"product_tag":[],"class_list":{"0":"post-1775","1":"product","2":"type-product","3":"status-publish","4":"has-post-thumbnail","6":"product_cat-esmaltes-primarios-e-selantes","7":"product_cat-primario","8":"product_cat-primarios","9":"product_cat-proteger-metal-pt-pt","10":"pa_formatos-4l-pt-pt","11":"pa_formatos-750ml-pt-pt","12":"pa_herramientas-brocha-pt-pt","13":"pa_herramientas-rodillo-pt-pt","14":"pa_herramientas-rodillo-esmalte-barniz-sintetico-y-acrilico-100-espuma-densidad-60-pt-pt","15":"pa_herramientas-rodillo-esmalte-barniz-acrilico-microfibra-8-mm-pt-pt","16":"pa_iconos-34-rendimiento-de-10-12-m2l-pt-pt","17":"pa_iconos-40-brocha-rodillo-pt-pt","18":"pa_iconos-45-exterior-interior-pt-pt","19":"pa_iconos-base-agua-pt-pt","20":"pa_iconos-mate-pt-pt","21":"pa_iconos-producto-al-agua-pt-pt","23":"first","24":"instock","25":"shipping-taxable","26":"product-type-simple"},"acf":[],"_links":{"self":[{"href":"https:\/\/jafep.com\/pt-pt\/wp-json\/wp\/v2\/product\/1775","targetHints":{"allow":["GET"]}}],"collection":[{"href":"https:\/\/jafep.com\/pt-pt\/wp-json\/wp\/v2\/product"}],"about":[{"href":"https:\/\/jafep.com\/pt-pt\/wp-json\/wp\/v2\/types\/product"}],"replies":[{"embeddable":true,"href":"https:\/\/jafep.com\/pt-pt\/wp-json\/wp\/v2\/comments?post=1775"}],"wp:featuredmedia":[{"embeddable":true,"href":"https:\/\/jafep.com\/pt-pt\/wp-json\/wp\/v2\/media\/82311"}],"wp:attachment":[{"href":"https:\/\/jafep.com\/pt-pt\/wp-json\/wp\/v2\/media?parent=1775"}],"wp:term":[{"taxonomy":"product_brand","embeddable":true,"href":"https:\/\/jafep.com\/pt-pt\/wp-json\/wp\/v2\/product_brand?post=1775"},{"taxonomy":"product_cat","embeddable":true,"href":"https:\/\/jafep.com\/pt-pt\/wp-json\/wp\/v2\/product_cat?post=1775"},{"taxonomy":"product_tag","embeddable":true,"href":"https:\/\/jafep.com\/pt-pt\/wp-json\/wp\/v2\/product_tag?post=1775"}],"curies":[{"name":"wp","href":"https:\/\/api.w.org\/{rel}","templated":true}]}}