{"id":1773,"date":"2015-09-03T09:35:46","date_gmt":"2016-02-19T15:02:21","guid":{"rendered":"https:\/\/jafep.com\/?post_type=product&#038;p=1773"},"modified":"2016-03-18T10:33:04","modified_gmt":"2016-03-18T10:33:04","slug":"neutralizador-de-oxido-transparente-2","status":"publish","type":"product","link":"https:\/\/jafep.com\/pt-pt\/producto\/neutralizador-de-oxido-transparente-2\/","title":{"rendered":"NEUTRALIZADOR DE OXIDO TRANSPARENTE"},"content":{"rendered":"<p>\u00c1cido inorg\u00e2nico que neutraliza e det\u00e9m o processo de oxida\u00e7\u00e3o em superf\u00edcies met\u00e1licas mediante una rea\u00e7\u00e3o qu\u00edmica que passiva o ferro oxidado.<br \/>\nA capa passivada \u00e9 transparente por o que se pode vernizar, deixando um efeito decorativo ou pintar.<br \/>\nComo uso adicional se pode usar para eliminar manchas de oxido em pedra artificial, granitos, pizarras, etc. <\/p>\n","protected":false},"excerpt":{"rendered":"<p>\u00c1cido inorg\u00e2nico que neutraliza e det\u00e9m o processo de oxida\u00e7\u00e3o em superf\u00edcies met\u00e1licas mediante una rea\u00e7\u00e3o qu\u00edmica que passiva o ferro oxidado. A capa passivada \u00e9 transparente por o que se pode vernizar, deixando um efeito decorativo ou pintar. Como uso adicional se pode usar para eliminar manchas de oxido em pedra artificial, granitos, pizarras,&#8230;<\/p>\n","protected":false},"featured_media":13780,"comment_status":"closed","ping_status":"closed","template":"","meta":{"_acf_changed":false,"_links_to":"","_links_to_target":""},"product_brand":[],"product_cat":[1245,1246,1523,1519,784,1525,1514],"product_tag":[],"class_list":{"0":"post-1773","1":"product","2":"type-product","3":"status-publish","4":"has-post-thumbnail","6":"product_cat-antes-de-pintar-interiores-pt-pt","7":"product_cat-before-paint-pt-pt","8":"product_cat-efeito-enferrujado","9":"product_cat-ferrugem","10":"product_cat-mobiliario-de-jardin-pt-pt","11":"product_cat-remover-ferrugem","12":"product_cat-reparar-resolver-problemas","13":"pa_formatos-750ml-pt-pt","14":"pa_herramientas-brocha-esmalte-barniz-acrilico-microfibra-pt-pt","15":"pa_iconos-41-brocha-rodillo-pistola-pt-pt","16":"pa_iconos-45-exterior-interior-pt-pt","17":"pa_iconos-base-agua-pt-pt","18":"pa_iconos-producto-al-agua-pt-pt","20":"first","21":"instock","22":"shipping-taxable","23":"product-type-simple"},"acf":[],"_links":{"self":[{"href":"https:\/\/jafep.com\/pt-pt\/wp-json\/wp\/v2\/product\/1773","targetHints":{"allow":["GET"]}}],"collection":[{"href":"https:\/\/jafep.com\/pt-pt\/wp-json\/wp\/v2\/product"}],"about":[{"href":"https:\/\/jafep.com\/pt-pt\/wp-json\/wp\/v2\/types\/product"}],"replies":[{"embeddable":true,"href":"https:\/\/jafep.com\/pt-pt\/wp-json\/wp\/v2\/comments?post=1773"}],"wp:featuredmedia":[{"embeddable":true,"href":"https:\/\/jafep.com\/pt-pt\/wp-json\/wp\/v2\/media\/13780"}],"wp:attachment":[{"href":"https:\/\/jafep.com\/pt-pt\/wp-json\/wp\/v2\/media?parent=1773"}],"wp:term":[{"taxonomy":"product_brand","embeddable":true,"href":"https:\/\/jafep.com\/pt-pt\/wp-json\/wp\/v2\/product_brand?post=1773"},{"taxonomy":"product_cat","embeddable":true,"href":"https:\/\/jafep.com\/pt-pt\/wp-json\/wp\/v2\/product_cat?post=1773"},{"taxonomy":"product_tag","embeddable":true,"href":"https:\/\/jafep.com\/pt-pt\/wp-json\/wp\/v2\/product_tag?post=1773"}],"curies":[{"name":"wp","href":"https:\/\/api.w.org\/{rel}","templated":true}]}}