{"id":1771,"date":"2015-09-03T09:56:12","date_gmt":"2016-02-19T15:00:46","guid":{"rendered":"https:\/\/jafep.com\/?post_type=product&#038;p=1771"},"modified":"2023-09-18T09:50:16","modified_gmt":"2023-09-18T09:50:16","slug":"neutralizador-convertidor-de-oxido","status":"publish","type":"product","link":"https:\/\/jafep.com\/pt-pt\/producto\/neutralizador-convertidor-de-oxido\/","title":{"rendered":"Neutralizador de Ferrugem Opaco"},"content":{"rendered":"<p>Prepara\u00e7\u00e3o aquosa que neutraliza o processo de corros\u00e3o em superf\u00edcies met\u00e1licas atrav\u00e9s de uma rea\u00e7\u00e3o qu\u00edmica que transforma o \u00f3xido de ferro em um complexo met\u00e1lico preto. <\/p>\n","protected":false},"excerpt":{"rendered":"<p>Prepara\u00e7\u00e3o aquosa que neutraliza o processo de corros\u00e3o em superf\u00edcies met\u00e1licas atrav\u00e9s de uma rea\u00e7\u00e3o qu\u00edmica que transforma o \u00f3xido de ferro em um complexo met\u00e1lico preto.<\/p>\n","protected":false},"featured_media":83775,"comment_status":"closed","ping_status":"closed","template":"","meta":{"_acf_changed":false,"_links_to":"","_links_to_target":""},"product_brand":[],"product_cat":[1245,1246,1522,1304,1519,784,1525],"product_tag":[],"class_list":{"0":"post-1771","1":"product","2":"type-product","3":"status-publish","4":"has-post-thumbnail","6":"product_cat-antes-de-pintar-interiores-pt-pt","7":"product_cat-before-paint-pt-pt","8":"product_cat-antes-de-pintar","9":"product_cat-complementos-pt-pt-4","10":"product_cat-ferrugem","11":"product_cat-mobiliario-de-jardin-pt-pt","12":"product_cat-remover-ferrugem","13":"pa_formatos-250ml-pt-pt","14":"pa_formatos-750ml-pt-pt","15":"pa_herramientas-airless-pt-pt","16":"pa_herramientas-brocha-pt-pt","17":"pa_herramientas-brocha-esmalte-barniz-acrilico-microfibra-pt-pt","18":"pa_herramientas-pistola-pt-pt","19":"pa_herramientas-rodillo-pt-pt","20":"pa_iconos-45-exterior-interior-pt-pt","21":"pa_iconos-base-agua-pt-pt","23":"first","24":"instock","25":"shipping-taxable","26":"product-type-simple"},"acf":[],"_links":{"self":[{"href":"https:\/\/jafep.com\/pt-pt\/wp-json\/wp\/v2\/product\/1771","targetHints":{"allow":["GET"]}}],"collection":[{"href":"https:\/\/jafep.com\/pt-pt\/wp-json\/wp\/v2\/product"}],"about":[{"href":"https:\/\/jafep.com\/pt-pt\/wp-json\/wp\/v2\/types\/product"}],"replies":[{"embeddable":true,"href":"https:\/\/jafep.com\/pt-pt\/wp-json\/wp\/v2\/comments?post=1771"}],"wp:featuredmedia":[{"embeddable":true,"href":"https:\/\/jafep.com\/pt-pt\/wp-json\/wp\/v2\/media\/83775"}],"wp:attachment":[{"href":"https:\/\/jafep.com\/pt-pt\/wp-json\/wp\/v2\/media?parent=1771"}],"wp:term":[{"taxonomy":"product_brand","embeddable":true,"href":"https:\/\/jafep.com\/pt-pt\/wp-json\/wp\/v2\/product_brand?post=1771"},{"taxonomy":"product_cat","embeddable":true,"href":"https:\/\/jafep.com\/pt-pt\/wp-json\/wp\/v2\/product_cat?post=1771"},{"taxonomy":"product_tag","embeddable":true,"href":"https:\/\/jafep.com\/pt-pt\/wp-json\/wp\/v2\/product_tag?post=1771"}],"curies":[{"name":"wp","href":"https:\/\/api.w.org\/{rel}","templated":true}]}}