{"id":1754,"date":"2015-09-09T14:48:17","date_gmt":"2016-02-19T14:40:48","guid":{"rendered":"https:\/\/jafep.com\/?post_type=product&#038;p=1754"},"modified":"2023-04-19T07:11:31","modified_gmt":"2023-04-19T07:11:31","slug":"esmalte-martele-antioxidante","status":"publish","type":"product","link":"https:\/\/jafep.com\/pt-pt\/producto\/esmalte-martele-antioxidante\/","title":{"rendered":"Ox Esmalte Met\u00e1lico Antioxidante &#8220;Martel\u00e9&#8221;"},"content":{"rendered":"<p>Esmalte sint\u00e9tico com propriedades antioxidantes de acabado \u201cmartel\u00e9\u201d ou martilhado que proporciona uma eficaz prote\u00e7\u00e3o ao mesmo tempo em que decora e dissimula imperfei\u00e7oes a qualquer superf\u00edcie de ferro. <\/p>\n","protected":false},"excerpt":{"rendered":"<p>Esmalte sint\u00e9tico com propriedades antioxidantes de acabado \u201cmartel\u00e9\u201d ou martilhado que proporciona uma eficaz prote\u00e7\u00e3o ao mesmo tempo em que decora e dissimula imperfei\u00e7oes a qualquer superf\u00edcie de ferro.<\/p>\n","protected":false},"featured_media":82341,"comment_status":"closed","ping_status":"closed","template":"","meta":{"_acf_changed":false,"_links_to":"","_links_to_target":""},"product_brand":[],"product_cat":[442,1310,1519,784,786,787],"product_tag":[],"class_list":{"0":"post-1754","1":"product","2":"type-product","3":"status-publish","4":"has-post-thumbnail","6":"product_cat-acabamentos-antioxidantes","7":"product_cat-esmaltes-primarios-e-selantes","8":"product_cat-ferrugem","9":"product_cat-mobiliario-de-jardin-pt-pt","10":"product_cat-pintar-cambiar-el-color-pt-pt","11":"product_cat-proteger-metal-pt-pt","12":"pa_formatos-4l-pt-pt","13":"pa_formatos-750ml-pt-pt","14":"pa_herramientas-airless-pt-pt","15":"pa_herramientas-pistola-pt-pt","16":"pa_iconos-2-base-solvente-pt-pt","17":"pa_iconos-34-rendimiento-de-10-12-m2l-pt-pt","18":"pa_iconos-45-exterior-interior-pt-pt","19":"pa_iconos-cartacolores","20":"pa_iconos-martele-brillante-pt-pt","22":"first","23":"instock","24":"shipping-taxable","25":"product-type-simple"},"acf":[],"_links":{"self":[{"href":"https:\/\/jafep.com\/pt-pt\/wp-json\/wp\/v2\/product\/1754","targetHints":{"allow":["GET"]}}],"collection":[{"href":"https:\/\/jafep.com\/pt-pt\/wp-json\/wp\/v2\/product"}],"about":[{"href":"https:\/\/jafep.com\/pt-pt\/wp-json\/wp\/v2\/types\/product"}],"replies":[{"embeddable":true,"href":"https:\/\/jafep.com\/pt-pt\/wp-json\/wp\/v2\/comments?post=1754"}],"wp:featuredmedia":[{"embeddable":true,"href":"https:\/\/jafep.com\/pt-pt\/wp-json\/wp\/v2\/media\/82341"}],"wp:attachment":[{"href":"https:\/\/jafep.com\/pt-pt\/wp-json\/wp\/v2\/media?parent=1754"}],"wp:term":[{"taxonomy":"product_brand","embeddable":true,"href":"https:\/\/jafep.com\/pt-pt\/wp-json\/wp\/v2\/product_brand?post=1754"},{"taxonomy":"product_cat","embeddable":true,"href":"https:\/\/jafep.com\/pt-pt\/wp-json\/wp\/v2\/product_cat?post=1754"},{"taxonomy":"product_tag","embeddable":true,"href":"https:\/\/jafep.com\/pt-pt\/wp-json\/wp\/v2\/product_tag?post=1754"}],"curies":[{"name":"wp","href":"https:\/\/api.w.org\/{rel}","templated":true}]}}