{"id":1742,"date":"2016-02-02T11:02:32","date_gmt":"2016-02-02T11:02:32","guid":{"rendered":"https:\/\/jafep.com\/?post_type=product&#038;p=1742"},"modified":"2023-05-02T07:01:28","modified_gmt":"2023-05-02T07:01:28","slug":"telacril-isolante-termoreflectante","status":"publish","type":"product","link":"https:\/\/jafep.com\/pt-pt\/producto\/telacril-isolante-termoreflectante\/","title":{"rendered":"Telacryl Isolante Dois Componentes A+B (Kit)"},"content":{"rendered":"<p>Telacril Isolante \u00e9 um impermeabilizante l\u00edquido de base aquosa altamente el\u00e1stico, \u00e0 base de dispers\u00e3o de copol\u00edmeros acr\u00edlicos em emuls\u00e3o e misturado com poliestireno expandido de baixa granulometria e aditivos espec\u00edficos, resultando em um produto isolante t\u00e9rmico. Ele tamb\u00e9m atua como um isolante ac\u00fastico e tem excelentes propriedades de reflex\u00e3o de calor. <\/p>\n","protected":false},"excerpt":{"rendered":"<p>Impermeabiliza\u00e7\u00e3o Elastom\u00e9rica <\/p>\n","protected":false},"featured_media":82346,"comment_status":"closed","ping_status":"closed","template":"","meta":{"_acf_changed":false,"_links_to":"","_links_to_target":""},"product_brand":[],"product_cat":[1065,1064,1313,1316,1564],"product_tag":[],"class_list":{"0":"post-1742","1":"product","2":"type-product","3":"status-publish","4":"has-post-thumbnail","6":"product_cat-exteriores-pt-pt","7":"product_cat-aislar-termicamente-pt-pt","8":"product_cat-linha-anti-humidade","9":"product_cat-telacril-pt-pt","10":"product_cat-telhados","11":"pa_formatos-15l-pt-pt","12":"pa_herramientas-pistola-pt-pt","13":"pa_iconos-1-m2-l-pt-pt","14":"pa_iconos-a-b-pt-pt","15":"pa_iconos-base-agua-pt-pt","16":"pa_iconos-cidemco-pt-pt","17":"pa_iconos-conservante-antimoho-sitema-atmh-pt-pt","18":"pa_iconos-exterior-pt-pt","19":"pa_iconos-satinado-granulado-pt-pt","21":"first","22":"instock","23":"shipping-taxable","24":"product-type-simple"},"acf":[],"_links":{"self":[{"href":"https:\/\/jafep.com\/pt-pt\/wp-json\/wp\/v2\/product\/1742","targetHints":{"allow":["GET"]}}],"collection":[{"href":"https:\/\/jafep.com\/pt-pt\/wp-json\/wp\/v2\/product"}],"about":[{"href":"https:\/\/jafep.com\/pt-pt\/wp-json\/wp\/v2\/types\/product"}],"replies":[{"embeddable":true,"href":"https:\/\/jafep.com\/pt-pt\/wp-json\/wp\/v2\/comments?post=1742"}],"wp:featuredmedia":[{"embeddable":true,"href":"https:\/\/jafep.com\/pt-pt\/wp-json\/wp\/v2\/media\/82346"}],"wp:attachment":[{"href":"https:\/\/jafep.com\/pt-pt\/wp-json\/wp\/v2\/media?parent=1742"}],"wp:term":[{"taxonomy":"product_brand","embeddable":true,"href":"https:\/\/jafep.com\/pt-pt\/wp-json\/wp\/v2\/product_brand?post=1742"},{"taxonomy":"product_cat","embeddable":true,"href":"https:\/\/jafep.com\/pt-pt\/wp-json\/wp\/v2\/product_cat?post=1742"},{"taxonomy":"product_tag","embeddable":true,"href":"https:\/\/jafep.com\/pt-pt\/wp-json\/wp\/v2\/product_tag?post=1742"}],"curies":[{"name":"wp","href":"https:\/\/api.w.org\/{rel}","templated":true}]}}