{"id":1740,"date":"2016-02-02T11:28:01","date_gmt":"2016-02-02T11:28:01","guid":{"rendered":"https:\/\/jafep.com\/?post_type=product&#038;p=1740"},"modified":"2023-05-02T14:59:29","modified_gmt":"2023-05-02T14:59:29","slug":"telacril-texturada-fachadas","status":"publish","type":"product","link":"https:\/\/jafep.com\/pt-pt\/producto\/telacril-texturada-fachadas\/","title":{"rendered":"Telacril Fachadas Rugoso"},"content":{"rendered":"<p>Revestimento rugoso, acabamento mate, decorativo, anti-rachaduras e imperme\u00e1vel, fabricado com resinas acr\u00edlicas especiais que lhe conferem uma elasticidade e flexibilidade extraordin\u00e1rias, mesmo a temperaturas muito baixas, bem como total impermeabiliza\u00e7\u00e3o nos par\u00e2metros verticais. <\/p>\n","protected":false},"excerpt":{"rendered":"<p>Impermeabiliza\u00e7\u00e3o Elastom\u00e9rica <\/p>\n","protected":false},"featured_media":82356,"comment_status":"closed","ping_status":"closed","template":"","meta":{"_acf_changed":false,"_links_to":"","_links_to_target":""},"product_brand":[],"product_cat":[1065,1586,1313],"product_tag":[],"class_list":{"0":"post-1740","1":"product","2":"type-product","3":"status-publish","4":"has-post-thumbnail","6":"product_cat-exteriores-pt-pt","7":"product_cat-impermeabilizacao","8":"product_cat-linha-anti-humidade","9":"pa_formatos-15l-pt-pt","10":"pa_herramientas-airless-pt-pt","11":"pa_herramientas-brocha-pt-pt","12":"pa_herramientas-pistola-pt-pt","13":"pa_herramientas-rodillo-fachadas-lana-oveja-20mm-pt-pt","14":"pa_herramientas-rodillo-fachadas-poliamida-extra-larga-de-20mm-pt-pt","15":"pa_herramientas-rodillo-fachadas-poliamida-larga-de-19mm-pt-pt","16":"pa_iconos-60-lavabilidad-nivel-1-pt-pt","17":"pa_iconos-base-agua-pt-pt","18":"pa_iconos-conservante-antimoho-sitema-atmh-pt-pt","19":"pa_iconos-exterior-pt-pt","20":"pa_iconos-rendimiento-2-3-m2-l-pt-pt","22":"first","23":"instock","24":"shipping-taxable","25":"product-type-simple"},"acf":[],"_links":{"self":[{"href":"https:\/\/jafep.com\/pt-pt\/wp-json\/wp\/v2\/product\/1740","targetHints":{"allow":["GET"]}}],"collection":[{"href":"https:\/\/jafep.com\/pt-pt\/wp-json\/wp\/v2\/product"}],"about":[{"href":"https:\/\/jafep.com\/pt-pt\/wp-json\/wp\/v2\/types\/product"}],"replies":[{"embeddable":true,"href":"https:\/\/jafep.com\/pt-pt\/wp-json\/wp\/v2\/comments?post=1740"}],"wp:featuredmedia":[{"embeddable":true,"href":"https:\/\/jafep.com\/pt-pt\/wp-json\/wp\/v2\/media\/82356"}],"wp:attachment":[{"href":"https:\/\/jafep.com\/pt-pt\/wp-json\/wp\/v2\/media?parent=1740"}],"wp:term":[{"taxonomy":"product_brand","embeddable":true,"href":"https:\/\/jafep.com\/pt-pt\/wp-json\/wp\/v2\/product_brand?post=1740"},{"taxonomy":"product_cat","embeddable":true,"href":"https:\/\/jafep.com\/pt-pt\/wp-json\/wp\/v2\/product_cat?post=1740"},{"taxonomy":"product_tag","embeddable":true,"href":"https:\/\/jafep.com\/pt-pt\/wp-json\/wp\/v2\/product_tag?post=1740"}],"curies":[{"name":"wp","href":"https:\/\/api.w.org\/{rel}","templated":true}]}}