{"id":1733,"date":"2016-02-02T11:46:40","date_gmt":"2016-02-19T12:26:49","guid":{"rendered":"https:\/\/jafep.com\/?post_type=product&#038;p=1733"},"modified":"2023-05-03T07:16:43","modified_gmt":"2023-05-03T07:16:43","slug":"aghata-ruiz-de-la-prada-pintura-multisuperficies-com-aroma-esmalte-acrilico-a-agua","status":"publish","type":"product","link":"https:\/\/jafep.com\/pt-pt\/producto\/aghata-ruiz-de-la-prada-pintura-multisuperficies-com-aroma-esmalte-acrilico-a-agua\/","title":{"rendered":"Agatha Ruiz De La Prada Tinta Multisuperf\u00edcie com Perfume"},"content":{"rendered":"<p>Esmalte acr\u00edlico aquoso de f\u00e1cil aplica\u00e7\u00e3o e muito bom nivelamento. Lav\u00e1vel, aromatizado, n\u00e3o inflam\u00e1vel e respeitoso com o meio ambiente. N\u00e3o amarela. Oferece extraordin\u00e1ria dureza e resist\u00eancia ao atrito. <\/p>\n","protected":false},"excerpt":{"rendered":"<p>Esmalte Aquoso Multisuperf\u00edcie <\/p>\n","protected":false},"featured_media":14007,"comment_status":"closed","ping_status":"closed","template":"","meta":{"_acf_changed":false,"_links_to":"","_links_to_target":""},"product_brand":[],"product_cat":[1565,1247,849,1521],"product_tag":[],"class_list":{"0":"post-1733","1":"product","2":"type-product","3":"status-publish","4":"has-post-thumbnail","6":"product_cat-decorar-pintar-pt-pt","7":"product_cat-interiores-pt-pt","8":"product_cat-madera-pt-pt","9":"product_cat-metal-pt-pt","10":"pa_formatos-250ml-pt-pt","11":"pa_formatos-750ml-pt-pt","12":"pa_herramientas-airless-pt-pt","13":"pa_herramientas-brocha-pt-pt","14":"pa_herramientas-pistola-pt-pt","15":"pa_herramientas-rodillo-esmalte-barniz-acrilico-microfibra-8-mm-pt-pt","16":"pa_herramientas-rodillo-interior-100-microfibra-de-11mm-pt","17":"pa_iconos-45-exterior-interior-pt-pt","18":"pa_iconos-60-lavabilidad-nivel-1-pt-pt","19":"pa_iconos-base-agua-pt-pt","20":"pa_iconos-producto-al-agua-pt-pt","21":"pa_iconos-rendimiento-12-14-m2-l","23":"first","24":"instock","25":"shipping-taxable","26":"product-type-simple"},"acf":[],"_links":{"self":[{"href":"https:\/\/jafep.com\/pt-pt\/wp-json\/wp\/v2\/product\/1733","targetHints":{"allow":["GET"]}}],"collection":[{"href":"https:\/\/jafep.com\/pt-pt\/wp-json\/wp\/v2\/product"}],"about":[{"href":"https:\/\/jafep.com\/pt-pt\/wp-json\/wp\/v2\/types\/product"}],"replies":[{"embeddable":true,"href":"https:\/\/jafep.com\/pt-pt\/wp-json\/wp\/v2\/comments?post=1733"}],"wp:featuredmedia":[{"embeddable":true,"href":"https:\/\/jafep.com\/pt-pt\/wp-json\/wp\/v2\/media\/14007"}],"wp:attachment":[{"href":"https:\/\/jafep.com\/pt-pt\/wp-json\/wp\/v2\/media?parent=1733"}],"wp:term":[{"taxonomy":"product_brand","embeddable":true,"href":"https:\/\/jafep.com\/pt-pt\/wp-json\/wp\/v2\/product_brand?post=1733"},{"taxonomy":"product_cat","embeddable":true,"href":"https:\/\/jafep.com\/pt-pt\/wp-json\/wp\/v2\/product_cat?post=1733"},{"taxonomy":"product_tag","embeddable":true,"href":"https:\/\/jafep.com\/pt-pt\/wp-json\/wp\/v2\/product_tag?post=1733"}],"curies":[{"name":"wp","href":"https:\/\/api.w.org\/{rel}","templated":true}]}}