{"id":1700,"date":"2016-02-02T15:44:46","date_gmt":"2016-02-02T15:44:46","guid":{"rendered":"https:\/\/jafep.com\/producto\/aceite-para-teca-2\/"},"modified":"2023-05-04T09:20:43","modified_gmt":"2023-05-04T09:20:43","slug":"aceite-para-teca","status":"publish","type":"product","link":"https:\/\/jafep.com\/pt-pt\/producto\/aceite-para-teca\/","title":{"rendered":"\u00d3leo para Teca"},"content":{"rendered":"<p>\u00d3leos combinados com resinas especiais para aplica\u00e7\u00e3o interior e exterior, mas especialmente desenvolvidos para a prote\u00e7\u00e3o da madeira de exterior. \u00c9 muito flex\u00edvel e perme\u00e1vel ao vapor de \u00e1gua, o que permite que a madeira respire. Aditivado com a \u00faltima gera\u00e7\u00e3o de filtros solares para melhor prote\u00e7\u00e3o UV e aditivos hidrofugantes para repelir \u00e1gua l\u00edquida. <\/p>\n","protected":false},"excerpt":{"rendered":"<p>\u00d3leos combinados com resinas especiais para aplica\u00e7\u00e3o interior e exterior, mas especialmente desenvolvidos para a prote\u00e7\u00e3o da madeira de exterior. \u00c9 muito flex\u00edvel e perme\u00e1vel ao vapor de \u00e1gua, o que permite que a madeira respire. Aditivado com a \u00faltima gera\u00e7\u00e3o de filtros solares para melhor prote\u00e7\u00e3o UV e aditivos hidrofugantes para repelir \u00e1gua l\u00edquida.<\/p>\n","protected":false},"featured_media":82421,"comment_status":"closed","ping_status":"closed","template":"","meta":{"_acf_changed":false,"_links_to":"","_links_to_target":""},"product_brand":[],"product_cat":[849,711,850,1377],"product_tag":[],"class_list":{"0":"post-1700","1":"product","2":"type-product","3":"status-publish","4":"has-post-thumbnail","6":"product_cat-madera-pt-pt","7":"product_cat-productos-para-la-madera-pt-pt-2","8":"product_cat-proteger-pt-pt","9":"product_cat-tratamentos-para-madeira","10":"pa_formatos-1l-pt-pt","11":"pa_formatos-5l-pt-pt","12":"pa_herramientas-airless-pt-pt","13":"pa_herramientas-brocha-pt-pt","14":"pa_herramientas-pistola-pt-pt","15":"pa_iconos-2-base-solvente-pt-pt","16":"pa_iconos-45-exterior-interior-pt-pt","17":"pa_iconos-rendimiento-7-10-m2l-pt-pt","18":"pa_iconos-satinado-pt-pt","20":"first","21":"instock","22":"shipping-taxable","23":"product-type-simple"},"acf":[],"_links":{"self":[{"href":"https:\/\/jafep.com\/pt-pt\/wp-json\/wp\/v2\/product\/1700","targetHints":{"allow":["GET"]}}],"collection":[{"href":"https:\/\/jafep.com\/pt-pt\/wp-json\/wp\/v2\/product"}],"about":[{"href":"https:\/\/jafep.com\/pt-pt\/wp-json\/wp\/v2\/types\/product"}],"replies":[{"embeddable":true,"href":"https:\/\/jafep.com\/pt-pt\/wp-json\/wp\/v2\/comments?post=1700"}],"wp:featuredmedia":[{"embeddable":true,"href":"https:\/\/jafep.com\/pt-pt\/wp-json\/wp\/v2\/media\/82421"}],"wp:attachment":[{"href":"https:\/\/jafep.com\/pt-pt\/wp-json\/wp\/v2\/media?parent=1700"}],"wp:term":[{"taxonomy":"product_brand","embeddable":true,"href":"https:\/\/jafep.com\/pt-pt\/wp-json\/wp\/v2\/product_brand?post=1700"},{"taxonomy":"product_cat","embeddable":true,"href":"https:\/\/jafep.com\/pt-pt\/wp-json\/wp\/v2\/product_cat?post=1700"},{"taxonomy":"product_tag","embeddable":true,"href":"https:\/\/jafep.com\/pt-pt\/wp-json\/wp\/v2\/product_tag?post=1700"}],"curies":[{"name":"wp","href":"https:\/\/api.w.org\/{rel}","templated":true}]}}