{"id":1698,"date":"2016-02-02T15:53:07","date_gmt":"2016-02-02T15:53:07","guid":{"rendered":"https:\/\/jafep.com\/producto\/fondo-tapaporos-nitro-2\/"},"modified":"2023-05-03T14:27:02","modified_gmt":"2023-05-03T14:27:02","slug":"fondo-tapaporos-nitro","status":"publish","type":"product","link":"https:\/\/jafep.com\/pt-pt\/producto\/fondo-tapaporos-nitro\/","title":{"rendered":"Base Tapa-Poros Nitro"},"content":{"rendered":"<p>Prim\u00e1rio transparente feito de resinas de nitrocelulose combinadas com alqu\u00eddicas, secagem r\u00e1pida e excelente lixamento. <\/p>\n","protected":false},"excerpt":{"rendered":"<p>Base Solvente <\/p>\n","protected":false},"featured_media":82431,"comment_status":"closed","ping_status":"closed","template":"","meta":{"_acf_changed":false,"_links_to":"","_links_to_target":""},"product_brand":[],"product_cat":[852,849,711,1374],"product_tag":[],"class_list":{"0":"post-1698","1":"product","2":"type-product","3":"status-publish","4":"has-post-thumbnail","6":"product_cat-antes-de-pintar-madera-pt-pt","7":"product_cat-madera-pt-pt","8":"product_cat-productos-para-la-madera-pt-pt-2","9":"product_cat-produtos-profissionais-para-madeira","10":"pa_formatos-5l-pt-pt","11":"pa_formatos-750ml-pt-pt","12":"pa_herramientas-airless-pt-pt","13":"pa_herramientas-brocha-pt-pt","14":"pa_herramientas-pistola-pt-pt","15":"pa_iconos-2-base-solvente-pt-pt","16":"pa_iconos-34-rendimiento-de-10-12-m2l-pt-pt","17":"pa_iconos-46-interior-pt-pt","18":"pa_iconos-mate-pt-pt","20":"first","21":"instock","22":"shipping-taxable","23":"product-type-simple"},"acf":[],"_links":{"self":[{"href":"https:\/\/jafep.com\/pt-pt\/wp-json\/wp\/v2\/product\/1698","targetHints":{"allow":["GET"]}}],"collection":[{"href":"https:\/\/jafep.com\/pt-pt\/wp-json\/wp\/v2\/product"}],"about":[{"href":"https:\/\/jafep.com\/pt-pt\/wp-json\/wp\/v2\/types\/product"}],"replies":[{"embeddable":true,"href":"https:\/\/jafep.com\/pt-pt\/wp-json\/wp\/v2\/comments?post=1698"}],"wp:featuredmedia":[{"embeddable":true,"href":"https:\/\/jafep.com\/pt-pt\/wp-json\/wp\/v2\/media\/82431"}],"wp:attachment":[{"href":"https:\/\/jafep.com\/pt-pt\/wp-json\/wp\/v2\/media?parent=1698"}],"wp:term":[{"taxonomy":"product_brand","embeddable":true,"href":"https:\/\/jafep.com\/pt-pt\/wp-json\/wp\/v2\/product_brand?post=1698"},{"taxonomy":"product_cat","embeddable":true,"href":"https:\/\/jafep.com\/pt-pt\/wp-json\/wp\/v2\/product_cat?post=1698"},{"taxonomy":"product_tag","embeddable":true,"href":"https:\/\/jafep.com\/pt-pt\/wp-json\/wp\/v2\/product_tag?post=1698"}],"curies":[{"name":"wp","href":"https:\/\/api.w.org\/{rel}","templated":true}]}}