{"id":1692,"date":"2016-02-02T15:56:41","date_gmt":"2016-02-02T15:56:41","guid":{"rendered":"https:\/\/jafep.com\/producto\/laca-nitrocelulosica-brillante-2\/"},"modified":"2023-05-04T08:51:40","modified_gmt":"2023-05-04T08:51:40","slug":"laca-nitrocelulosica-brillante","status":"publish","type":"product","link":"https:\/\/jafep.com\/pt-pt\/producto\/laca-nitrocelulosica-brillante\/","title":{"rendered":"Laca de Nitrocelulose Brilhante"},"content":{"rendered":"<p>Laca incolor de resinas alqu\u00eddicas combinadas com nitroceluloses plastificadas com bom equil\u00edbrio entre elasticidade, ader\u00eancia e dureza. Acabamento Brilhante <\/p>\n","protected":false},"excerpt":{"rendered":"<p>Laca Solvente <\/p>\n","protected":false},"featured_media":82436,"comment_status":"closed","ping_status":"closed","template":"","meta":{"_acf_changed":false,"_links_to":"","_links_to_target":""},"product_brand":[],"product_cat":[783,849,711,1374],"product_tag":[],"class_list":{"0":"post-1692","1":"product","2":"type-product","3":"status-publish","4":"has-post-thumbnail","6":"product_cat-lacar-pt-pt","7":"product_cat-madera-pt-pt","8":"product_cat-productos-para-la-madera-pt-pt-2","9":"product_cat-produtos-profissionais-para-madeira","10":"pa_formatos-20l-pt-pt","11":"pa_formatos-5l-pt-pt","12":"pa_formatos-750ml-pt-pt","13":"pa_herramientas-brocha-esmalte-barniz-acrilico-microfibra-pt-pt","14":"pa_iconos-2-base-solvente-pt-pt","15":"pa_iconos-38-rendimiento-de-10-15-m2l-pt-pt","16":"pa_iconos-46-interior-pt-pt","17":"pa_iconos-brillante-pt-pt","19":"first","20":"instock","21":"shipping-taxable","22":"product-type-simple"},"acf":[],"_links":{"self":[{"href":"https:\/\/jafep.com\/pt-pt\/wp-json\/wp\/v2\/product\/1692","targetHints":{"allow":["GET"]}}],"collection":[{"href":"https:\/\/jafep.com\/pt-pt\/wp-json\/wp\/v2\/product"}],"about":[{"href":"https:\/\/jafep.com\/pt-pt\/wp-json\/wp\/v2\/types\/product"}],"replies":[{"embeddable":true,"href":"https:\/\/jafep.com\/pt-pt\/wp-json\/wp\/v2\/comments?post=1692"}],"wp:featuredmedia":[{"embeddable":true,"href":"https:\/\/jafep.com\/pt-pt\/wp-json\/wp\/v2\/media\/82436"}],"wp:attachment":[{"href":"https:\/\/jafep.com\/pt-pt\/wp-json\/wp\/v2\/media?parent=1692"}],"wp:term":[{"taxonomy":"product_brand","embeddable":true,"href":"https:\/\/jafep.com\/pt-pt\/wp-json\/wp\/v2\/product_brand?post=1692"},{"taxonomy":"product_cat","embeddable":true,"href":"https:\/\/jafep.com\/pt-pt\/wp-json\/wp\/v2\/product_cat?post=1692"},{"taxonomy":"product_tag","embeddable":true,"href":"https:\/\/jafep.com\/pt-pt\/wp-json\/wp\/v2\/product_tag?post=1692"}],"curies":[{"name":"wp","href":"https:\/\/api.w.org\/{rel}","templated":true}]}}