{"id":1669,"date":"2016-02-02T16:15:37","date_gmt":"2016-02-19T10:48:11","guid":{"rendered":"https:\/\/jafep.com\/?post_type=product&#038;p=1669"},"modified":"2023-05-05T08:56:49","modified_gmt":"2023-05-05T08:56:49","slug":"jafestuc-estuco-2","status":"publish","type":"product","link":"https:\/\/jafep.com\/pt-pt\/producto\/jafestuc-estuco-2\/","title":{"rendered":"Jafestuc Estuque"},"content":{"rendered":"<p>Revestimento decorativo de interiores, aplica\u00e7\u00e3o sobre paredes e teto de gesso, escaiola e parecidos, com a t\u00e9cnica do espatulado se consegue uns grandes efeitos de beleza. <\/p>\n","protected":false},"excerpt":{"rendered":"<p>Estuque Veneziano <\/p>\n","protected":false},"featured_media":83752,"comment_status":"closed","ping_status":"closed","template":"","meta":{"_acf_changed":false,"_links_to":"","_links_to_target":""},"product_brand":[],"product_cat":[430,1295,1565,1568],"product_tag":[],"class_list":{"0":"post-1669","1":"product","2":"type-product","3":"status-publish","4":"has-post-thumbnail","6":"product_cat-acabado","7":"product_cat-alta-decoracao-pt-pt","8":"product_cat-decorar-pintar-pt-pt","9":"product_cat-efeitos-decorativos","10":"pa_formatos-750ml-pt-pt","11":"pa_herramientas-llana-pt","12":"pa_iconos-46-interior-pt-pt","13":"pa_iconos-base-agua-pt-pt","14":"pa_iconos-brillante-pt-pt","15":"pa_iconos-cartacolores","16":"pa_iconos-multicolor-pt-pt","17":"pa_iconos-rendimiento-3-5-m2-l-pt-pt","19":"first","20":"instock","21":"shipping-taxable","22":"product-type-simple"},"acf":[],"_links":{"self":[{"href":"https:\/\/jafep.com\/pt-pt\/wp-json\/wp\/v2\/product\/1669","targetHints":{"allow":["GET"]}}],"collection":[{"href":"https:\/\/jafep.com\/pt-pt\/wp-json\/wp\/v2\/product"}],"about":[{"href":"https:\/\/jafep.com\/pt-pt\/wp-json\/wp\/v2\/types\/product"}],"replies":[{"embeddable":true,"href":"https:\/\/jafep.com\/pt-pt\/wp-json\/wp\/v2\/comments?post=1669"}],"wp:featuredmedia":[{"embeddable":true,"href":"https:\/\/jafep.com\/pt-pt\/wp-json\/wp\/v2\/media\/83752"}],"wp:attachment":[{"href":"https:\/\/jafep.com\/pt-pt\/wp-json\/wp\/v2\/media?parent=1669"}],"wp:term":[{"taxonomy":"product_brand","embeddable":true,"href":"https:\/\/jafep.com\/pt-pt\/wp-json\/wp\/v2\/product_brand?post=1669"},{"taxonomy":"product_cat","embeddable":true,"href":"https:\/\/jafep.com\/pt-pt\/wp-json\/wp\/v2\/product_cat?post=1669"},{"taxonomy":"product_tag","embeddable":true,"href":"https:\/\/jafep.com\/pt-pt\/wp-json\/wp\/v2\/product_tag?post=1669"}],"curies":[{"name":"wp","href":"https:\/\/api.w.org\/{rel}","templated":true}]}}