{"id":1657,"date":"2016-02-05T07:18:23","date_gmt":"2016-02-19T10:29:56","guid":{"rendered":"https:\/\/jafep.com\/?post_type=product&#038;p=1657"},"modified":"2023-06-22T11:08:23","modified_gmt":"2023-06-22T11:08:23","slug":"cerastuc-ceramul-jafep","status":"publish","type":"product","link":"https:\/\/jafep.com\/pt-pt\/producto\/cerastuc-ceramul-jafep\/","title":{"rendered":"Cerastuc"},"content":{"rendered":"<p>Emuls\u00e3o aquosa, em forma de gel, que se liquefaz por agita\u00e7\u00e3o. Especialmente preparado como protetor para estuques, ao qual proporciona: excelente brilho, boa resist\u00eancia \u00e0 abras\u00e3o e \u00e0 \u00e1gua e alta flexibilidade. Boa resist\u00eancia ao polimento. <\/p>\n","protected":false},"excerpt":{"rendered":"<p>Cera protetora de estuque <\/p>\n","protected":false},"featured_media":13922,"comment_status":"closed","ping_status":"closed","template":"","meta":{"_acf_changed":false,"_links_to":"","_links_to_target":""},"product_brand":[],"product_cat":[430,1295,1565,1247],"product_tag":[],"class_list":{"0":"post-1657","1":"product","2":"type-product","3":"status-publish","4":"has-post-thumbnail","6":"product_cat-acabado","7":"product_cat-alta-decoracao-pt-pt","8":"product_cat-decorar-pintar-pt-pt","9":"product_cat-interiores-pt-pt","10":"pa_formatos-750ml-pt-pt","11":"pa_iconos-46-interior-pt-pt","12":"pa_iconos-base-agua-pt-pt","13":"pa_iconos-brillante-pt-pt","14":"pa_iconos-rendimiento-30-40-m2-l-pt-pt","16":"first","17":"instock","18":"shipping-taxable","19":"product-type-simple"},"acf":[],"_links":{"self":[{"href":"https:\/\/jafep.com\/pt-pt\/wp-json\/wp\/v2\/product\/1657","targetHints":{"allow":["GET"]}}],"collection":[{"href":"https:\/\/jafep.com\/pt-pt\/wp-json\/wp\/v2\/product"}],"about":[{"href":"https:\/\/jafep.com\/pt-pt\/wp-json\/wp\/v2\/types\/product"}],"replies":[{"embeddable":true,"href":"https:\/\/jafep.com\/pt-pt\/wp-json\/wp\/v2\/comments?post=1657"}],"wp:featuredmedia":[{"embeddable":true,"href":"https:\/\/jafep.com\/pt-pt\/wp-json\/wp\/v2\/media\/13922"}],"wp:attachment":[{"href":"https:\/\/jafep.com\/pt-pt\/wp-json\/wp\/v2\/media?parent=1657"}],"wp:term":[{"taxonomy":"product_brand","embeddable":true,"href":"https:\/\/jafep.com\/pt-pt\/wp-json\/wp\/v2\/product_brand?post=1657"},{"taxonomy":"product_cat","embeddable":true,"href":"https:\/\/jafep.com\/pt-pt\/wp-json\/wp\/v2\/product_cat?post=1657"},{"taxonomy":"product_tag","embeddable":true,"href":"https:\/\/jafep.com\/pt-pt\/wp-json\/wp\/v2\/product_tag?post=1657"}],"curies":[{"name":"wp","href":"https:\/\/api.w.org\/{rel}","templated":true}]}}