{"id":1649,"date":"2016-02-05T07:38:16","date_gmt":"2016-02-19T09:42:41","guid":{"rendered":"https:\/\/jafep.com\/?post_type=product&#038;p=1649"},"modified":"2023-05-04T11:32:39","modified_gmt":"2023-05-04T11:32:39","slug":"luxury-2","status":"publish","type":"product","link":"https:\/\/jafep.com\/pt-pt\/producto\/luxury-2\/","title":{"rendered":"Luxury Areias Met\u00e1licas"},"content":{"rendered":"<p>Produto de base aquosa para interiores, lav\u00e1vel e muito f\u00e1cil de aplicar com uma s\u00f3 m\u00e3o. Produz o efeito de limalha de ouro ou prata na superf\u00edcie a ser decorada. <\/p>\n","protected":false},"excerpt":{"rendered":"<p>Pintura Met\u00e1lica <\/p>\n","protected":false},"featured_media":13789,"comment_status":"closed","ping_status":"closed","template":"","meta":{"_acf_changed":false,"_links_to":"","_links_to_target":""},"product_brand":[],"product_cat":[430,1295,1565,1568,1247],"product_tag":[],"class_list":{"0":"post-1649","1":"product","2":"type-product","3":"status-publish","4":"has-post-thumbnail","6":"product_cat-acabado","7":"product_cat-alta-decoracao-pt-pt","8":"product_cat-decorar-pintar-pt-pt","9":"product_cat-efeitos-decorativos","10":"product_cat-interiores-pt-pt","11":"pa_formatos-1l-pt-pt","12":"pa_herramientas-brocha-pt-pt","13":"pa_herramientas-paletina-alta-decoracion-pt","14":"pa_iconos-46-interior-pt-pt","15":"pa_iconos-base-agua-pt-pt","16":"pa_iconos-cartacolores","17":"pa_iconos-rendimiento-2-3-m2-l-pt-pt","19":"first","20":"instock","21":"shipping-taxable","22":"product-type-simple"},"acf":[],"_links":{"self":[{"href":"https:\/\/jafep.com\/pt-pt\/wp-json\/wp\/v2\/product\/1649","targetHints":{"allow":["GET"]}}],"collection":[{"href":"https:\/\/jafep.com\/pt-pt\/wp-json\/wp\/v2\/product"}],"about":[{"href":"https:\/\/jafep.com\/pt-pt\/wp-json\/wp\/v2\/types\/product"}],"replies":[{"embeddable":true,"href":"https:\/\/jafep.com\/pt-pt\/wp-json\/wp\/v2\/comments?post=1649"}],"wp:featuredmedia":[{"embeddable":true,"href":"https:\/\/jafep.com\/pt-pt\/wp-json\/wp\/v2\/media\/13789"}],"wp:attachment":[{"href":"https:\/\/jafep.com\/pt-pt\/wp-json\/wp\/v2\/media?parent=1649"}],"wp:term":[{"taxonomy":"product_brand","embeddable":true,"href":"https:\/\/jafep.com\/pt-pt\/wp-json\/wp\/v2\/product_brand?post=1649"},{"taxonomy":"product_cat","embeddable":true,"href":"https:\/\/jafep.com\/pt-pt\/wp-json\/wp\/v2\/product_cat?post=1649"},{"taxonomy":"product_tag","embeddable":true,"href":"https:\/\/jafep.com\/pt-pt\/wp-json\/wp\/v2\/product_tag?post=1649"}],"curies":[{"name":"wp","href":"https:\/\/api.w.org\/{rel}","templated":true}]}}