{"id":1645,"date":"2016-02-05T07:44:10","date_gmt":"2016-02-19T09:38:29","guid":{"rendered":"https:\/\/jafep.com\/?post_type=product&#038;p=1645"},"modified":"2023-05-04T11:43:53","modified_gmt":"2023-05-04T11:43:53","slug":"pintura-metalizada-ao-agua","status":"publish","type":"product","link":"https:\/\/jafep.com\/pt-pt\/producto\/pintura-metalizada-ao-agua\/","title":{"rendered":"Pintura Met\u00e1lica"},"content":{"rendered":"<p>Tinta acr\u00edlica base aquosa com acabamento metalizado de f\u00e1cil aplica\u00e7\u00e3o e muito bom nivelamento. Lav\u00e1vel e muito cobertura. Oferece extraordin\u00e1ria dureza e resist\u00eancia ao atrito. Podemos obter um efeito liso ou um efeito &#8220;tecido&#8221; ou retroiluminado. <\/p>\n","protected":false},"excerpt":{"rendered":"<p>Tinta Acr\u00edlica Met\u00e1lica <\/p>\n","protected":false},"featured_media":13785,"comment_status":"closed","ping_status":"closed","template":"","meta":{"_acf_changed":false,"_links_to":"","_links_to_target":""},"product_brand":[],"product_cat":[430,1295,1565,1568,1247],"product_tag":[],"class_list":{"0":"post-1645","1":"product","2":"type-product","3":"status-publish","4":"has-post-thumbnail","6":"product_cat-acabado","7":"product_cat-alta-decoracao-pt-pt","8":"product_cat-decorar-pintar-pt-pt","9":"product_cat-efeitos-decorativos","10":"product_cat-interiores-pt-pt","11":"pa_formatos-1l-pt-pt","12":"pa_herramientas-brocha-pt-pt","13":"pa_herramientas-paletina-alta-decoracion-pt","14":"pa_herramientas-rodillo-interior-poliamida-de-11mm-pt","15":"pa_iconos-34-rendimiento-de-10-12-m2l-pt-pt","16":"pa_iconos-45-exterior-interior-pt-pt","17":"pa_iconos-base-agua-pt-pt","18":"pa_iconos-cartacolores","19":"pa_iconos-semibrillante-pt-pt","21":"first","22":"instock","23":"shipping-taxable","24":"product-type-simple"},"acf":[],"_links":{"self":[{"href":"https:\/\/jafep.com\/pt-pt\/wp-json\/wp\/v2\/product\/1645","targetHints":{"allow":["GET"]}}],"collection":[{"href":"https:\/\/jafep.com\/pt-pt\/wp-json\/wp\/v2\/product"}],"about":[{"href":"https:\/\/jafep.com\/pt-pt\/wp-json\/wp\/v2\/types\/product"}],"replies":[{"embeddable":true,"href":"https:\/\/jafep.com\/pt-pt\/wp-json\/wp\/v2\/comments?post=1645"}],"wp:featuredmedia":[{"embeddable":true,"href":"https:\/\/jafep.com\/pt-pt\/wp-json\/wp\/v2\/media\/13785"}],"wp:attachment":[{"href":"https:\/\/jafep.com\/pt-pt\/wp-json\/wp\/v2\/media?parent=1645"}],"wp:term":[{"taxonomy":"product_brand","embeddable":true,"href":"https:\/\/jafep.com\/pt-pt\/wp-json\/wp\/v2\/product_brand?post=1645"},{"taxonomy":"product_cat","embeddable":true,"href":"https:\/\/jafep.com\/pt-pt\/wp-json\/wp\/v2\/product_cat?post=1645"},{"taxonomy":"product_tag","embeddable":true,"href":"https:\/\/jafep.com\/pt-pt\/wp-json\/wp\/v2\/product_tag?post=1645"}],"curies":[{"name":"wp","href":"https:\/\/api.w.org\/{rel}","templated":true}]}}