{"id":1641,"date":"2016-02-19T09:32:42","date_gmt":"2016-02-19T09:32:42","guid":{"rendered":"https:\/\/jafep.com\/?post_type=product&#038;p=1641"},"modified":"2023-06-22T10:21:37","modified_gmt":"2023-06-22T10:21:37","slug":"rev-mural-rustico-fondo-muralia-fundo","status":"publish","type":"product","link":"https:\/\/jafep.com\/pt-pt\/producto\/rev-mural-rustico-fondo-muralia-fundo\/","title":{"rendered":"Fundo Muralia"},"content":{"rendered":"<p>Massa tixotr\u00f3pica pronta para criar superf\u00edcies r\u00fasticas de uma forma muito natural usando uma talocha, broxa ou pincel. <\/p>\n","protected":false},"excerpt":{"rendered":"<p>Revestimento de Parede R\u00fastico <\/p>\n","protected":false},"featured_media":13923,"comment_status":"closed","ping_status":"closed","template":"","meta":{"_acf_changed":false,"_links_to":"","_links_to_target":""},"product_brand":[],"product_cat":[430,1295,1245,1565,1247],"product_tag":[],"class_list":{"0":"post-1641","1":"product","2":"type-product","3":"status-publish","4":"has-post-thumbnail","6":"product_cat-acabado","7":"product_cat-alta-decoracao-pt-pt","8":"product_cat-antes-de-pintar-interiores-pt-pt","9":"product_cat-decorar-pintar-pt-pt","10":"product_cat-interiores-pt-pt","11":"pa_formatos-20kg-pt-pt","12":"pa_formatos-5kg-pt-pt","13":"pa_herramientas-llana-pt","14":"pa_herramientas-paletina-alta-decoracion-pt","15":"pa_iconos-46-interior-pt-pt","16":"pa_iconos-51-mate-60o-pt-pt","17":"pa_iconos-base-agua-pt-pt","18":"pa_iconos-rendimiento-1-3-m2-l-pt-pt","20":"first","21":"instock","22":"shipping-taxable","23":"product-type-simple"},"acf":[],"_links":{"self":[{"href":"https:\/\/jafep.com\/pt-pt\/wp-json\/wp\/v2\/product\/1641","targetHints":{"allow":["GET"]}}],"collection":[{"href":"https:\/\/jafep.com\/pt-pt\/wp-json\/wp\/v2\/product"}],"about":[{"href":"https:\/\/jafep.com\/pt-pt\/wp-json\/wp\/v2\/types\/product"}],"replies":[{"embeddable":true,"href":"https:\/\/jafep.com\/pt-pt\/wp-json\/wp\/v2\/comments?post=1641"}],"wp:featuredmedia":[{"embeddable":true,"href":"https:\/\/jafep.com\/pt-pt\/wp-json\/wp\/v2\/media\/13923"}],"wp:attachment":[{"href":"https:\/\/jafep.com\/pt-pt\/wp-json\/wp\/v2\/media?parent=1641"}],"wp:term":[{"taxonomy":"product_brand","embeddable":true,"href":"https:\/\/jafep.com\/pt-pt\/wp-json\/wp\/v2\/product_brand?post=1641"},{"taxonomy":"product_cat","embeddable":true,"href":"https:\/\/jafep.com\/pt-pt\/wp-json\/wp\/v2\/product_cat?post=1641"},{"taxonomy":"product_tag","embeddable":true,"href":"https:\/\/jafep.com\/pt-pt\/wp-json\/wp\/v2\/product_tag?post=1641"}],"curies":[{"name":"wp","href":"https:\/\/api.w.org\/{rel}","templated":true}]}}